{"id":21291,"date":"2022-01-25T11:40:54","date_gmt":"2022-01-25T16:40:54","guid":{"rendered":"https:\/\/phpreaction.com\/softwares\/accounting-software\/"},"modified":"2022-09-29T01:56:22","modified_gmt":"2022-09-29T05:56:22","slug":"accounting-software","status":"publish","type":"page","link":"https:\/\/phpreaction.com\/en\/softwares\/accounting-software\/","title":{"rendered":"Accounting software"},"content":{"rendered":"<p>[vc_row mo_row_type=&#8221;in_container&#8221; mo_text_scheme=&#8221;darker-overlay&#8221; mo_bg_color=&#8221;#ffffff&#8221; mo_bg_image=&#8221;20859&#8243;][vc_column width=&#8221;1\/2&#8243; offset=&#8221;vc_hidden-xs&#8221;][vc_custom_heading text=&#8221;Accounting software&#8221; font_container=&#8221;tag:h2|font_size:52|text_align:left&#8221; use_theme_fonts=&#8221;yes&#8221;][vc_separator color=&#8221;white&#8221;][vc_column_text]<\/p>\n<h2 id=\"tw-target-text\" class=\"tw-data-text tw-text-large tw-ta\" dir=\"ltr\" data-placeholder=\"Traduction\"><span class=\"Y2IQFc\" lang=\"en\" style=\"font-family: 'trebuchet ms', geneva, sans-serif;\">GENERATING YOUR ACCOUNTS WILL NOT HAVE NEVER BEEN SO FAST AND EFFICIENT<\/span><\/h2>\n<ul>\n<li id=\"tw-target-text\" class=\"tw-data-text tw-text-large tw-ta\" dir=\"ltr\" data-placeholder=\"Traduction\"><span class=\"Y2IQFc\" lang=\"en\" style=\"font-family: 'trebuchet ms', geneva, sans-serif;\">Better invoice management<\/span><\/li>\n<li class=\"tw-data-text tw-text-large tw-ta\" dir=\"ltr\" data-placeholder=\"Traduction\"><span style=\"font-family: 'trebuchet ms', geneva, sans-serif;\">Keep the same account number<\/span><\/li>\n<\/ul>\n<p>[\/vc_column_text][vc_btn title=&#8221;Get the free trial&#8221; style=&#8221;custom&#8221; custom_background=&#8221;#4f4f4f&#8221; custom_text=&#8221;#00afef&#8221; size=&#8221;lg&#8221; link=&#8221;url:https%3A%2F%2Fphpreaction.com%2Fen%2Fperform%2F|&#8221;][\/vc_column][vc_column width=&#8221;1\/2&#8243; offset=&#8221;vc_hidden-xs&#8221;][vc_empty_space height=&#8221;120px&#8221;][vc_single_image image=&#8221;9557&#8243; img_size=&#8221;full&#8221; alignment=&#8221;center&#8221; onclick=&#8221;img_link_large&#8221; img_link_target=&#8221;_blank&#8221;][\/vc_column][\/vc_row][vc_row mo_row_type=&#8221;in_container&#8221;][vc_column][vc_custom_heading text=&#8221;GENERATING YOUR ACCOUNTS WILL NOT HAVE NEVER BEEN SO FAST AND EFFICIENT&#8221; font_container=&#8221;tag:h2|text_align:center|color:%2300afef&#8221; use_theme_fonts=&#8221;yes&#8221;][\/vc_column][\/vc_row][vc_row mo_row_type=&#8221;in_container&#8221;][vc_column width=&#8221;1\/3&#8243;][vc_empty_space][vc_icon icon_fontawesome=&#8221;fas fa-pen&#8221; color=&#8221;custom&#8221; size=&#8221;xl&#8221; align=&#8221;center&#8221; custom_color=&#8221;#00afef&#8221;][vc_column_text]<\/p>\n<h2 id=\"tw-target-text\" class=\"tw-data-text tw-text-large tw-ta\" dir=\"ltr\" style=\"text-align: center;\" data-placeholder=\"Traduction\"><span class=\"Y2IQFc\" lang=\"en\" style=\"font-family: 'trebuchet ms', geneva, sans-serif;\">AVOID MANIPULATION OF INVOICES<\/span><\/h2>\n<p>[\/vc_column_text][\/vc_column][vc_column width=&#8221;1\/3&#8243;][vc_icon icon_fontawesome=&#8221;fas fa-book&#8221; color=&#8221;custom&#8221; size=&#8221;xl&#8221; align=&#8221;center&#8221; custom_color=&#8221;#00afef&#8221;][vc_column_text]<\/p>\n<h2 id=\"tw-target-text\" class=\"tw-data-text tw-text-large tw-ta\" dir=\"ltr\" style=\"text-align: center;\" data-placeholder=\"Traduction\"><span class=\"Y2IQFc\" lang=\"en\" style=\"font-family: 'trebuchet ms', geneva, sans-serif;\">ELIMINATE AUXILIARY BOOKS<\/span><\/h2>\n<p>[\/vc_column_text][\/vc_column][vc_column width=&#8221;1\/3&#8243;][vc_empty_space][vc_icon icon_fontawesome=&#8221;far fa-clock&#8221; color=&#8221;custom&#8221; size=&#8221;xl&#8221; align=&#8221;center&#8221; custom_color=&#8221;#00afef&#8221;][vc_column_text]<\/p>\n<h2 id=\"tw-target-text\" class=\"tw-data-text tw-text-large tw-ta\" dir=\"ltr\" style=\"text-align: center;\" data-placeholder=\"Traduction\"><span class=\"Y2IQFc\" lang=\"en\" style=\"font-family: 'trebuchet ms', geneva, sans-serif;\">YOUR ACCOUNTING IN REAL TIME<\/span><\/h2>\n<p>[\/vc_column_text][\/vc_column][\/vc_row][vc_row mo_row_type=&#8221;in_container&#8221;][vc_column][vc_btn title=&#8221;Consult the rates&#8221; style=&#8221;custom&#8221; custom_background=&#8221;#00afef&#8221; custom_text=&#8221;#ffffff&#8221; size=&#8221;lg&#8221; align=&#8221;center&#8221; link=&#8221;url:https%3A%2F%2Fphpreaction.com%2Fen%2Fhome%2Fpricing%2F|&#8221;][\/vc_column][\/vc_row][vc_row mo_row_type=&#8221;in_container&#8221; mo_text_scheme=&#8221;darker-overlay&#8221; mo_bg_color=&#8221;#1da9de&#8221;][vc_column][vc_custom_heading text=&#8221;TAKE THE LEAP WITH THE SOFTWARE PHPREACTION ACCOUNTING&#8221; font_container=&#8221;tag:h2|text_align:center&#8221; use_theme_fonts=&#8221;yes&#8221;][vc_column_text]<br \/>\n<span style=\"font-family: 'trebuchet ms', geneva, sans-serif; font-size: 18pt;\">You like PHPReaction modules and you use <a href=\"https:\/\/en.wikipedia.org\/wiki\/Accounting_software\">accounting software<\/a>. Take the leap with accounting software and reap the many benefits.<\/span><br \/>\n[\/vc_column_text][\/vc_column][\/vc_row][vc_row mo_row_type=&#8221;in_container&#8221; mo_padding=&#8221;custom&#8221; mo_padding_top=&#8221;70&#8243; mo_padding_bottom=&#8221;Space&#8221;][vc_column width=&#8221;1\/3&#8243; el_class=&#8221;mobile-no-display&#8221;][vc_icon icon_fontawesome=&#8221;fas fa-key&#8221; color=&#8221;custom&#8221; size=&#8221;xl&#8221; align=&#8221;center&#8221; custom_color=&#8221;#00afef&#8221;][vc_single_image image=&#8221;20882&#8243; img_size=&#8221;medium&#8221; style=&#8221;vc_box_border&#8221; border_color=&#8221;sky&#8221;][\/vc_column][vc_column width=&#8221;2\/3&#8243;][vc_custom_heading text=&#8221;SAVE TIME&#8221; font_container=&#8221;tag:h2|text_align:center|color:%2300afef&#8221; use_theme_fonts=&#8221;yes&#8221;][vc_column_text css_animation=&#8221;none&#8221;]<span style=\"font-family: 'trebuchet ms', geneva, sans-serif; font-size: 18pt;\">Eliminate duplicates! Customer and supplier invoices, your payroll will automatically be transferred to the accounting software upon creation. Your employee will no longer have to transcribe \/ rewrite them thanks to automated accounting transactions.<\/span>[\/vc_column_text][vc_btn title=&#8221;Consult the rates&#8221; style=&#8221;custom&#8221; custom_background=&#8221;#00afef&#8221; custom_text=&#8221;#ffffff&#8221; size=&#8221;lg&#8221; link=&#8221;url:https%3A%2F%2Fphpreaction.com%2Fen%2Fhome%2Fpricing%2F|&#8221;][\/vc_column][\/vc_row][vc_row mo_row_type=&#8221;in_container&#8221; mo_padding=&#8221;custom&#8221; mo_padding_top=&#8221;70&#8243;][vc_column][vc_separator color=&#8221;sky&#8221;][\/vc_column][\/vc_row][vc_row mo_row_type=&#8221;in_container&#8221; mo_padding=&#8221;custom&#8221; mo_padding_top=&#8221;0&#8243; mo_padding_bottom=&#8221;Space&#8221;][vc_column width=&#8221;2\/3&#8243;][vc_custom_heading text=&#8221;SPEND TIME AND ENERGY ON WHAT REALLY MATTERS&#8221; font_container=&#8221;tag:h2|text_align:center|color:%2300afef&#8221; use_theme_fonts=&#8221;yes&#8221;][vc_column_text css_animation=&#8221;none&#8221;]<span style=\"font-family: 'trebuchet ms', geneva, sans-serif; font-size: 18pt;\">Your employees will be able to focus on the profitability of your business. Cost reports, negotiation with suppliers, collection from your customers and a price review of invoices received are just examples of tasks that your employees can do!<\/span><\/p>\n<p><span style=\"font-family: 'trebuchet ms', geneva, sans-serif; font-size: 18pt;\">Revising every invoice from your suppliers is a task that requires a lot of time and attention. The accounting transcription system does a good part of this for you. You need to be vigilant, especially when you agree on a price with your business partner. Double-checking should be performed.<\/span>[\/vc_column_text][vc_btn title=&#8221;Consult the rates&#8221; style=&#8221;custom&#8221; custom_background=&#8221;#00afef&#8221; custom_text=&#8221;#ffffff&#8221; size=&#8221;lg&#8221; link=&#8221;url:https%3A%2F%2Fphpreaction.com%2Fen%2Fhome%2Fpricing%2F|&#8221;][\/vc_column][vc_column width=&#8221;1\/3&#8243; el_class=&#8221;mobile-no-display&#8221;][vc_icon icon_fontawesome=&#8221;fas fa-check&#8221; color=&#8221;custom&#8221; size=&#8221;xl&#8221; align=&#8221;center&#8221; custom_color=&#8221;#00afef&#8221;][vc_single_image image=&#8221;20972&#8243; img_size=&#8221;medium&#8221; style=&#8221;vc_box_border&#8221; border_color=&#8221;sky&#8221;][\/vc_column][\/vc_row][vc_row mo_row_type=&#8221;in_container&#8221; mo_padding=&#8221;custom&#8221; mo_padding_top=&#8221;70&#8243;][vc_column][vc_separator color=&#8221;sky&#8221;][\/vc_column][\/vc_row][vc_row mo_row_type=&#8221;in_container&#8221; mo_padding=&#8221;custom&#8221; mo_padding_top=&#8221;0&#8243; mo_padding_bottom=&#8221;Space&#8221;][vc_column width=&#8221;1\/3&#8243; el_class=&#8221;mobile-no-display&#8221;][vc_icon icon_fontawesome=&#8221;fas fa-user-alt&#8221; color=&#8221;custom&#8221; size=&#8221;xl&#8221; align=&#8221;center&#8221; custom_color=&#8221;#00afef&#8221;][vc_single_image image=&#8221;20879&#8243; img_size=&#8221;medium&#8221; style=&#8221;vc_box_border&#8221; border_color=&#8221;sky&#8221;][\/vc_column][vc_column width=&#8221;2\/3&#8243;][vc_custom_heading text=&#8221;PERSONALIZED ACCOUNT CHARTER&#8221; font_container=&#8221;tag:h2|text_align:center|color:%2300afef&#8221; use_theme_fonts=&#8221;yes&#8221;][vc_column_text css_animation=&#8221;none&#8221;]<span style=\"font-family: 'trebuchet ms', geneva, sans-serif; font-size: 18pt;\">Find the same account numbers as in your old software. The application is very flexible since it is based on its own reference key! If you are just starting out, we offer you an account charter that you can easily customize. Easy to set up, the income and expense accounts will be created automatically according to the nature of your sales and purchases.<\/span>[\/vc_column_text][vc_btn title=&#8221;Consult the rates&#8221; style=&#8221;custom&#8221; custom_background=&#8221;#00afef&#8221; custom_text=&#8221;#ffffff&#8221; size=&#8221;lg&#8221; link=&#8221;url:https%3A%2F%2Fphpreaction.com%2Fen%2Fhome%2Fpricing%2F|&#8221;][\/vc_column][\/vc_row][vc_row mo_row_type=&#8221;in_container&#8221; mo_padding=&#8221;custom&#8221; mo_padding_top=&#8221;70&#8243;][vc_column][vc_separator color=&#8221;sky&#8221;][\/vc_column][\/vc_row][vc_row mo_row_type=&#8221;in_container&#8221; mo_padding=&#8221;custom&#8221; mo_padding_top=&#8221;70&#8243; mo_padding_bottom=&#8221;Space&#8221;][vc_column width=&#8221;2\/3&#8243;][vc_custom_heading text=&#8221;INCREASE PRECISION&#8221; font_container=&#8221;tag:h2|text_align:center|color:%2300afef&#8221; use_theme_fonts=&#8221;yes&#8221;][vc_column_text css_animation=&#8221;none&#8221;]<span style=\"font-family: 'trebuchet ms', geneva, sans-serif; font-size: 18pt;\">Since the transactions are carried out automatically, it is possible to find the origin as much in the management system as in that of the accounting. Traceability information at your fingertips. Only one click is necessary to find the initial information.<\/span>[\/vc_column_text][vc_btn title=&#8221;Consult the rates&#8221; style=&#8221;custom&#8221; custom_background=&#8221;#00afef&#8221; custom_text=&#8221;#ffffff&#8221; size=&#8221;lg&#8221; link=&#8221;url:https%3A%2F%2Fphpreaction.com%2Fen%2Fhome%2Fpricing%2F|&#8221;][\/vc_column][vc_column width=&#8221;1\/3&#8243; el_class=&#8221;mobile-no-display&#8221;][vc_icon icon_fontawesome=&#8221;fas fa-search&#8221; color=&#8221;custom&#8221; size=&#8221;xl&#8221; align=&#8221;center&#8221; custom_color=&#8221;#00afef&#8221;][vc_single_image image=&#8221;20876&#8243; img_size=&#8221;medium&#8221; style=&#8221;vc_box_border&#8221; border_color=&#8221;sky&#8221;][\/vc_column][\/vc_row][vc_row mo_row_type=&#8221;in_container&#8221; mo_padding=&#8221;custom&#8221; mo_padding_top=&#8221;70&#8243;][vc_column]<script type=\"text\/javascript\">\njQuery(document).ready(function($) {jQuery('.testimonials2-slider-container .flexslider').flexslider({animation: \"slide\",slideshowSpeed: 5000,animationSpeed: 600,namespace: \"flex-\",pauseOnAction:false,pauseOnHover: true,controlNav: true,directionNav: false,prevText: \"Previous<span><\/span>\",nextText: \"Next<span><\/span>\",smoothHeight: false,animationLoop: true,slideshow: true,easing: \"swing\",})});\n<\/script>\n<div  class=\"testimonials2-slider-container\"><div class=\"flexslider\">\n            <ul class=\"slides\">\n\n                \n                    \n                        <li>\n                                                            <div class=\"fourcol\">\n                                    <div class=\"center\">\n                                        <img loading=\"lazy\" decoding=\"async\" width=\"530\" height=\"530\" src=\"https:\/\/phpreaction.com\/wp-content\/uploads\/2015\/05\/JE_Temoignage.jpg\" class=\"alignleft img-circle wp-post-image\" alt=\"Karine Cotnoir\" \/>                                    <\/div>\n                                <\/div>\n                            \n                            <div class=\"quote eightcol last\">\n                                <blockquote>\n                                    <cite><i class=\"icon-testimonial\"><\/i>Karine Cotnoir, Jeunes Entreprises de la Haute-Yamaska                                    <\/cite>\n\n                                    <div class=\"text\">\n                                        <p>It's necessary to have a good organizational structure when growing. PHPReaction provided us with the shoes we needed to learn how to run!<\/p>\n                                    <\/div>\n                                <\/blockquote>\n                            <\/div>\n                        <\/li>\n\n                    \n                \n                    \n                        <li>\n                                                            <div class=\"fourcol\">\n                                    <div class=\"center\">\n                                        <img loading=\"lazy\" decoding=\"async\" width=\"359\" height=\"342\" src=\"https:\/\/phpreaction.com\/wp-content\/uploads\/2015\/04\/Sam_AA.jpg\" class=\"alignleft img-circle wp-post-image\" alt=\"Samuel Gagnon-Tremblay\" \/>                                    <\/div>\n                                <\/div>\n                            \n                            <div class=\"quote eightcol last\">\n                                <blockquote>\n                                    <cite><i class=\"icon-testimonial\"><\/i>Samuel Gagnon-Tremblay, Les Artisans d'Azure                                    <\/cite>\n\n                                    <div class=\"text\">\n                                        <p>My business could not have grown so quickly without the tools provided by PHPReaction.<\/p>\n                                    <\/div>\n                                <\/blockquote>\n                            <\/div>\n                        <\/li>\n\n                    \n                \n                    \n                        <li>\n                                                            <div class=\"fourcol\">\n                                    <div class=\"center\">\n                                        <img loading=\"lazy\" decoding=\"async\" width=\"196\" height=\"196\" src=\"https:\/\/phpreaction.com\/wp-content\/uploads\/2025\/10\/alexandre-picard.jpg\" class=\"alignleft img-circle wp-post-image\" alt=\"Alexandre Picard\" \/>                                    <\/div>\n                                <\/div>\n                            \n                            <div class=\"quote eightcol last\">\n                                <blockquote>\n                                    <cite><i class=\"icon-testimonial\"><\/i>Alexandre Picard, Picard Marine                                    <\/cite>\n\n                                    <div class=\"text\">\n                                        <p>My employees love it, they find it easy to use, intuitive, and the system promotes a professional image of our company.<\/p>\n                                    <\/div>\n                                <\/blockquote>\n                            <\/div>\n                        <\/li>\n\n                    \n                \n                    \n                        <li>\n                                                            <div class=\"fourcol\">\n                                    <div class=\"center\">\n                                        <img loading=\"lazy\" decoding=\"async\" width=\"2472\" height=\"2472\" src=\"https:\/\/phpreaction.com\/wp-content\/uploads\/2015\/04\/JLM_Temoignage.jpg\" class=\"alignleft img-circle wp-post-image\" alt=\"Mich\u00e8le Girard et Jean-Louis Choini\u00e8re\" \/>                                    <\/div>\n                                <\/div>\n                            \n                            <div class=\"quote eightcol last\">\n                                <blockquote>\n                                    <cite><i class=\"icon-testimonial\"><\/i>Mich\u00e8le Girard et Jean-Louis Choini\u00e8re, Les surgel\u00e9s JLM                                    <\/cite>\n\n                                    <div class=\"text\">\n                                        <p>They always respect the schedules that we agree on together.<\/p>\n                                    <\/div>\n                                <\/blockquote>\n                            <\/div>\n                        <\/li>\n\n                    \n                \n            <\/ul>\n\n            <\/div><!-- flexslider --><\/div><!-- testimonials2-slider-container -->[\/vc_column][\/vc_row][vc_row mo_row_type=&#8221;in_container&#8221; mo_padding=&#8221;custom&#8221; mo_bg_image=&#8221;2735&#8243; mo_padding_top=&#8221;70px&#8221;][vc_column][vc_column_text]<\/p>\n<h2 id=\"tw-target-text\" class=\"tw-data-text tw-text-large tw-ta\" dir=\"ltr\" style=\"text-align: center;\" data-placeholder=\"Traduction\"><span class=\"Y2IQFc\" lang=\"en\" style=\"font-family: 'trebuchet ms', geneva, sans-serif;\">READY TO MANAGE YOUR ACCOUNTING QUICK AND EFFICIENT WAY?<\/span><\/h2>\n<h2 class=\"tw-data-text tw-text-large tw-ta\" dir=\"ltr\" style=\"text-align: center;\" data-placeholder=\"Traduction\"><span style=\"font-family: 'trebuchet ms', geneva, sans-serif;\"><a href=\"https:\/\/phpreaction.com\/en\/perform\/\"><span class=\"Y2IQFc\" lang=\"en\">CONTACT US FOR A PRESENTATION<\/span><\/a><\/span><\/h2>\n<p>[\/vc_column_text][\/vc_column][\/vc_row][vc_row mo_row_type=&#8221;in_container&#8221; mo_text_scheme=&#8221;darker-overlay&#8221; mo_bg_color=&#8221;#1da9de&#8221;][vc_column css=&#8221;.vc_custom_1430181534626{background-color: #1da9de !important;}&#8221;][vc_column_text]<\/p>\n<h2 id=\"tw-target-text\" class=\"tw-data-text tw-text-large tw-ta\" dir=\"ltr\" style=\"text-align: center;\" data-placeholder=\"Traduction\"><span class=\"Y2IQFc\" lang=\"en\" style=\"font-family: 'trebuchet ms', geneva, sans-serif;\">CLOSING THE LOOP OF YOUR BUSINESS EFFICIENCY WITH ACCOUNTING SOFTWARE<\/span><\/h2>\n<p>[\/vc_column_text][\/vc_column][\/vc_row][vc_row mo_row_type=&#8221;in_container&#8221; mo_padding=&#8221;custom&#8221; mo_padding_top=&#8221;90&#8243;][vc_column css=&#8221;.vc_custom_1430180674574{margin-bottom: 10% !important;}&#8221;][vc_column_text css=&#8221;.vc_custom_1642621582922{padding-bottom: 5% !important;}&#8221;]<\/p>\n<h2 id=\"tw-target-text\" class=\"tw-data-text tw-text-large tw-ta\" dir=\"ltr\" style=\"text-align: center;\" data-placeholder=\"Traduction\"><span class=\"Y2IQFc\" lang=\"en\" style=\"font-family: 'trebuchet ms', geneva, sans-serif;\">THE PHPREACTION SYSTEM CAN GROW AS YOUR BUSINESS GROWS BY ADDING ADDITIONAL SOFTWARE. OUR PROJECT MANAGEMENT SOFTWARE HAS AFFINITIES WITH THE FOLLOWING SOFTWARE:<\/span><\/h2>\n<p>[\/vc_column_text][vc_row_inner][vc_column_inner width=&#8221;1\/3&#8243;][vc_custom_heading text=&#8221;CAN YOU MOVE ON TO MORE EXCITING THINGS THAN PAYROLL ?&#8221; font_container=&#8221;tag:h4|text_align:center|color:%2300afef&#8221; use_theme_fonts=&#8221;yes&#8221;][vc_empty_space height=&#8221;20px&#8221;][vc_single_image image=&#8221;8698&#8243; img_size=&#8221;full&#8221; alignment=&#8221;center&#8221; onclick=&#8221;custom_link&#8221;][vc_empty_space height=&#8221;20px&#8221;][vc_column_text]<\/p>\n<p style=\"text-align: center;\"><span style=\"font-family: 'trebuchet ms', geneva, sans-serif; font-size: 18pt;\">Thanks to the compatibility with the\u00a0<a href=\"https:\/\/phpreaction.com\/services\/logiciel-de-paye-payes-simplifiees\/\">Simplified Payroll software<\/a>, all the hours recorded in your projects can be added to the pay statements without headaches and in just a few clicks.<\/span><\/p>\n<p>[\/vc_column_text][\/vc_column_inner][vc_column_inner width=&#8221;1\/3&#8243;][vc_custom_heading text=&#8221;YOU WANT TO ASSESS YOUR PROJECTS\u2019 INDIVIDUAL PROFITABILITY?&#8221; font_container=&#8221;tag:h4|text_align:center|color:%2300afef&#8221; use_theme_fonts=&#8221;yes&#8221;][vc_empty_space height=&#8221;20px&#8221;][vc_single_image image=&#8221;8733&#8243; img_size=&#8221;full&#8221; alignment=&#8221;center&#8221; onclick=&#8221;custom_link&#8221; link=&#8221;https:%2F%2Fphpreaction.com%2Flogiciels%2F|&#8221;][vc_empty_space height=&#8221;20px&#8221;][vc_column_text]<br \/>\n<span style=\"font-family: 'trebuchet ms', geneva, sans-serif; font-size: 18pt;\">Thanks to compatibility with\u00a0<a href=\"https:\/\/phpreaction.com\/services\/logiciel-de-facturation-ventes-rentables-2\/\">Profitable Sales invoicing software<\/a>, link your sales or quotes to specific projects and centralize information for maximum control.<\/span><br \/>\n[\/vc_column_text][\/vc_column_inner][vc_column_inner width=&#8221;1\/3&#8243;][vc_custom_heading text=&#8221;CAN\u2019T AFFORD TO RUN OUT?&#8221; font_container=&#8221;tag:h4|text_align:center|color:%2300afef&#8221; use_theme_fonts=&#8221;yes&#8221;][vc_empty_space height=&#8221;20px&#8221;][vc_single_image image=&#8221;3858&#8243; img_size=&#8221;full&#8221; alignment=&#8221;center&#8221; onclick=&#8221;custom_link&#8221; link=&#8221;\/services\/logiciel-de-gestion-des-achats-achats-planifies\/&#8221;][vc_empty_space height=&#8221;20px&#8221;][vc_column_text]<br \/>\n<span style=\"font-size: 18pt; font-family: 'trebuchet ms', geneva, sans-serif;\">Thanks to compatibility with\u00a0<a href=\"https:\/\/phpreaction.com\/services\/logiciel-de-gestion-des-achats-achats-planifies\/\">Planned Purchasing supplier management software<\/a>, quickly order what you need from your suppliers to satisfy your customers.<\/span><br \/>\n[\/vc_column_text][\/vc_column_inner][\/vc_row_inner][vc_empty_space height=&#8221;40px&#8221;][vc_column_text css=&#8221;.vc_custom_1642624298384{margin-top: 5% !important;}&#8221;]<br \/>\n<span style=\"font-family: 'trebuchet ms', geneva, sans-serif; font-size: 18pt;\"><strong>Planned Purchases can also be accompanied by\u00a0<a href=\"https:\/\/phpreaction.com\/en\/#software\">the complete PHPReaction suite<\/a>\u00a0to centralize every aspect of your business in one place.<\/strong><\/span><br \/>\n[\/vc_column_text][\/vc_column][\/vc_row]<\/p>\n","protected":false},"excerpt":{"rendered":"<p>[vc_row mo_row_type=&#8221;in_container&#8221; mo_text_scheme=&#8221;darker-overlay&#8221; mo_bg_color=&#8221;#ffffff&#8221; mo_bg_image=&#8221;20859&#8243;][vc_column width=&#8221;1\/2&#8243; offset=&#8221;vc_hidden-xs&#8221;][vc_custom_heading text=&#8221;Accounting software&#8221; font_container=&#8221;tag:h2|font_size:52|text_align:left&#8221; use_theme_fonts=&#8221;yes&#8221;][vc_separator color=&#8221;white&#8221;][vc_column_text] GENERATING YOUR ACCOUNTS WILL NOT HAVE NEVER BEEN SO FAST AND EFFICIENT Better invoice management Keep the same account number [\/vc_column_text][vc_btn title=&#8221;Get the free trial&#8221; style=&#8221;custom&#8221; custom_background=&#8221;#4f4f4f&#8221; custom_text=&#8221;#00afef&#8221; size=&#8221;lg&#8221; link=&#8221;url:https%3A%2F%2Fphpreaction.com%2Fen%2Fperform%2F|&#8221;][\/vc_column][vc_column width=&#8221;1\/2&#8243; offset=&#8221;vc_hidden-xs&#8221;][vc_empty_space height=&#8221;120px&#8221;][vc_single_image image=&#8221;9557&#8243; img_size=&#8221;full&#8221; alignment=&#8221;center&#8221; onclick=&#8221;img_link_large&#8221; img_link_target=&#8221;_blank&#8221;][\/vc_column][\/vc_row][vc_row mo_row_type=&#8221;in_container&#8221;][vc_column][vc_custom_heading text=&#8221;GENERATING YOUR ACCOUNTS WILL [&hellip;]<\/p>\n","protected":false},"author":2,"featured_media":20889,"parent":4475,"menu_order":0,"comment_status":"closed","ping_status":"closed","template":"template-full-width.php","meta":{"footnotes":""},"class_list":["post-21291","page","type-page","status-publish","has-post-thumbnail","hentry"],"_links":{"self":[{"href":"https:\/\/phpreaction.com\/en\/wp-json\/wp\/v2\/pages\/21291","targetHints":{"allow":["GET"]}}],"collection":[{"href":"https:\/\/phpreaction.com\/en\/wp-json\/wp\/v2\/pages"}],"about":[{"href":"https:\/\/phpreaction.com\/en\/wp-json\/wp\/v2\/types\/page"}],"author":[{"embeddable":true,"href":"https:\/\/phpreaction.com\/en\/wp-json\/wp\/v2\/users\/2"}],"replies":[{"embeddable":true,"href":"https:\/\/phpreaction.com\/en\/wp-json\/wp\/v2\/comments?post=21291"}],"version-history":[{"count":0,"href":"https:\/\/phpreaction.com\/en\/wp-json\/wp\/v2\/pages\/21291\/revisions"}],"up":[{"embeddable":true,"href":"https:\/\/phpreaction.com\/en\/wp-json\/wp\/v2\/pages\/4475"}],"wp:featuredmedia":[{"embeddable":true,"href":"https:\/\/phpreaction.com\/en\/wp-json\/wp\/v2\/media\/20889"}],"wp:attachment":[{"href":"https:\/\/phpreaction.com\/en\/wp-json\/wp\/v2\/media?parent=21291"}],"curies":[{"name":"wp","href":"https:\/\/api.w.org\/{rel}","templated":true}]}}