{"id":3309,"date":"2015-08-14T14:42:13","date_gmt":"2015-08-14T19:42:13","guid":{"rendered":"https:\/\/phpreaction.com\/?page_id=3309&#038;lang=en"},"modified":"2022-01-31T12:51:08","modified_gmt":"2022-01-31T17:51:08","slug":"client-relations-management-your-new-secret-weapon","status":"publish","type":"page","link":"https:\/\/phpreaction.com\/en\/softwares\/client-relations-management-your-new-secret-weapon\/","title":{"rendered":"Customer Relationship Software (CRM): Targeted Business Development"},"content":{"rendered":"<p>[vc_row mo_row_type=&#8221;in_container&#8221; mo_text_scheme=&#8221;darker-overlay&#8221; mo_bg_color=&#8221;#ffffff&#8221; mo_bg_image=&#8221;20859&#8243;][vc_column width=&#8221;1\/2&#8243; offset=&#8221;vc_hidden-xs&#8221;][vc_custom_heading text=&#8221;The targeted business development software&#8221; font_container=&#8221;tag:h2|font_size:52|text_align:left&#8221; use_theme_fonts=&#8221;yes&#8221;][vc_separator color=&#8221;white&#8221;][vc_column_text]<br \/>\n<span style=\"font-size: 18pt;\"><strong><span style=\"font-family: 'trebuchet ms', geneva, sans-serif;\">OPTIMIZE YOUR BUSINESS DEVELOPMENT AND MAXIMIZE YOUR PROFITS BY DOING THE ENTRY, MANAGEMENT, SEARCH AND FOLLOW-UP OF YOUR PROSPECTS IN AN ORGANIZED AND EFFICIENT WAY!<\/span><\/strong><\/span><\/p>\n<ul>\n<li><span style=\"font-family: 'trebuchet ms', geneva, sans-serif; font-size: 18pt;\">Work effectively with your suppliers<\/span><\/li>\n<li><span style=\"font-family: 'trebuchet ms', geneva, sans-serif; font-size: 18pt;\">Easily gather information from your competitors<\/span><\/li>\n<li><span style=\"font-family: 'trebuchet ms', geneva, sans-serif; font-size: 18pt;\">Visualize the progress of your business<\/span><\/li>\n<\/ul>\n<p>[\/vc_column_text][vc_btn title=&#8221;Get the free trial&#8221; style=&#8221;custom&#8221; custom_background=&#8221;#4f4f4f&#8221; custom_text=&#8221;#00afef&#8221; size=&#8221;lg&#8221; link=&#8221;url:https%3A%2F%2Fphpreaction.com%2Fen%2Fperform%2F|&#8221;][\/vc_column][vc_column width=&#8221;1\/2&#8243; offset=&#8221;vc_hidden-xs&#8221;][vc_empty_space height=&#8221;120px&#8221;][vc_video link=&#8221;https:\/\/youtu.be\/AEh3GECSC5k&#8221; align=&#8221;center&#8221;][\/vc_column][\/vc_row][vc_row mo_row_type=&#8221;in_container&#8221; mo_padding=&#8221;custom&#8221; mo_padding_top=&#8221;0px&#8221;][vc_column][vc_custom_heading text=&#8221;WHAT IF YOU COULD DO AWAY WITH\u2026&#8221; font_container=&#8221;tag:h2|text_align:center|color:%2300afef&#8221; use_theme_fonts=&#8221;yes&#8221;][\/vc_column][vc_column width=&#8221;1\/3&#8243;][vc_empty_space][vc_column_text css=&#8221;.vc_custom_1642536647805{padding-bottom: 2% !important;}&#8221;]<\/p>\n<p style=\"text-align: center;\"><i class=\"wp-svg-phone phone\"style=\"color:#00afef;\"><\/i><\/p>\n<p>[\/vc_column_text][vc_column_text css=&#8221;.vc_custom_1642536606984{padding-top: 3% !important;}&#8221;]<\/p>\n<p style=\"text-align: center;\"><span style=\"font-family: 'trebuchet ms', geneva, sans-serif; font-size: 18pt;\"><strong>\u2026loose strings and coming loose and lost prospects?<\/strong><\/span><\/p>\n<p>[\/vc_column_text][\/vc_column][vc_column width=&#8221;1\/3&#8243;][vc_column_text css=&#8221;.vc_custom_1642536668349{padding-bottom: 2% !important;}&#8221;]<\/p>\n<p style=\"text-align: center;\"><i class=\"wp-svg-coin coin\"style=\"color:#00afef;\"><\/i><\/p>\n<p>[\/vc_column_text][vc_column_text css=&#8221;.vc_custom_1642536619146{padding-top: 3% !important;}&#8221;]<\/p>\n<p style=\"text-align: center;\"><span style=\"font-family: 'trebuchet ms', geneva, sans-serif; font-size: 18pt;\"><strong>\u2026lost profits related to poor, disorganized prospection?<\/strong><\/span><\/p>\n<p>[\/vc_column_text][\/vc_column][vc_column width=&#8221;1\/3&#8243;][vc_empty_space][vc_column_text css=&#8221;.vc_custom_1642536681980{padding-bottom: 2% !important;}&#8221;]<\/p>\n<p style=\"text-align: center;\"><i class=\"wp-svg-notebook notebook\"style=\"color:#00afef;\"><\/i><\/p>\n<p>[\/vc_column_text][vc_column_text css=&#8221;.vc_custom_1642536631601{padding-top: 3% !important;}&#8221;]<\/p>\n<p style=\"text-align: center;\"><span style=\"font-family: 'trebuchet ms', geneva, sans-serif; font-size: 18pt;\"><strong>\u2026les pertes de temps \u00e0 chercher les notes prises lors de la derni\u00e8re rencontre avec un prospect?<\/strong><\/span><\/p>\n<p>[\/vc_column_text][\/vc_column][\/vc_row][vc_row mo_row_type=&#8221;in_container&#8221; mo_padding=&#8221;none&#8221;][vc_column][vc_btn title=&#8221;Consult the rates&#8221; style=&#8221;custom&#8221; custom_background=&#8221;#00afef&#8221; custom_text=&#8221;#ffffff&#8221; size=&#8221;lg&#8221; align=&#8221;center&#8221; link=&#8221;url:https%3A%2F%2Fphpreaction.com%2Fen%2Fhome%2Fpricing%2F|&#8221;][\/vc_column][\/vc_row][vc_row mo_row_type=&#8221;in_container&#8221; mo_text_scheme=&#8221;darker-overlay&#8221; mo_bg_color=&#8221;#1da9de&#8221;][vc_column][vc_column_text css=&#8221;.vc_custom_1642536581592{padding-bottom: 5% !important;}&#8221;]<\/p>\n<h2 style=\"text-align: center;\"><span style=\"font-family: 'trebuchet ms', geneva, sans-serif;\">WITH OUR CLIENT RELATIONS MANAGEMENT SOFTWARE, SEIZE OPPORTUNITIES WITH A PERFECT EXECUTION!<\/span><\/h2>\n<p>[\/vc_column_text][\/vc_column][\/vc_row][vc_row mo_row_type=&#8221;in_container&#8221; mo_padding=&#8221;custom&#8221; mo_padding_top=&#8221;70&#8243;][vc_column width=&#8221;1\/3&#8243; el_class=&#8221;mobile-no-display&#8221;][vc_column_text]<\/p>\n<p style=\"text-align: center;\"><i class=\"wp-svg-truck truck\"style=\"color:#00afef;\"><\/i><\/p>\n<p>[\/vc_column_text][vc_single_image image=&#8221;20876&#8243; img_size=&#8221;medium&#8221; style=&#8221;vc_box_border&#8221; border_color=&#8221;sky&#8221;][\/vc_column][vc_column width=&#8221;2\/3&#8243;][vc_custom_heading text=&#8221;BECOME MORE EFFICIENT IN DEALING WITH DISTRIBUTORS&#8221; font_container=&#8221;tag:h2|text_align:left|color:%2300afef&#8221; use_theme_fonts=&#8221;yes&#8221;][vc_column_text css_animation=&#8221;none&#8221;]<span style=\"font-family: 'trebuchet ms', geneva, sans-serif; font-size: 18pt;\">With PHPReaction\u2019s CRM module you can track frequency, volume, discounts taken, business anniversaries- crucial information when working with distributors.<\/span>[\/vc_column_text][vc_btn title=&#8221;Consult the rates&#8221; style=&#8221;custom&#8221; custom_background=&#8221;#00afef&#8221; custom_text=&#8221;#ffffff&#8221; size=&#8221;lg&#8221; link=&#8221;url:https%3A%2F%2Fphpreaction.com%2Fen%2Fhome%2Fpricing%2F|&#8221;][\/vc_column][\/vc_row][vc_row mo_row_type=&#8221;in_container&#8221; mo_padding=&#8221;custom&#8221; mo_padding_top=&#8221;0&#8243; mo_padding_bottom=&#8221;Space&#8221;][vc_column el_class=&#8221;mobile-no-display&#8221;][vc_separator color=&#8221;custom&#8221; accent_color=&#8221;#00afef&#8221;][\/vc_column][\/vc_row][vc_row mo_row_type=&#8221;in_container&#8221; mo_padding=&#8221;custom&#8221; mo_padding_top=&#8221;0&#8243; mo_padding_bottom=&#8221;Space&#8221;][vc_column width=&#8221;2\/3&#8243;][vc_custom_heading text=&#8221;KEEP YOUR PARTNERS CLOSE\u2026&#8221; font_container=&#8221;tag:h2|text_align:left|color:%2300afef&#8221; use_theme_fonts=&#8221;yes&#8221;][vc_column_text css_animation=&#8221;none&#8221;]<span style=\"font-family: 'trebuchet ms', geneva, sans-serif; font-size: 18pt;\">Need a phone number, an important piece of data about a business partner?\u00a0 With PHPReaction\u2019s CRM module this information is available anytime, anywhere so you\u2019re always on top of things.<\/span>[\/vc_column_text][vc_btn title=&#8221;Consult the rates&#8221; style=&#8221;custom&#8221; custom_background=&#8221;#00afef&#8221; custom_text=&#8221;#ffffff&#8221; size=&#8221;lg&#8221; link=&#8221;url:https%3A%2F%2Fphpreaction.com%2Fen%2Fhome%2Fpricing%2F|&#8221;][\/vc_column][vc_column width=&#8221;1\/3&#8243; el_class=&#8221;mobile-no-display&#8221;][vc_column_text]<\/p>\n<p style=\"text-align: center;\"><i class=\"wp-svg-users users\"style=\"color:#00afef;\"><\/i><\/p>\n<p>[\/vc_column_text][vc_single_image image=&#8221;20879&#8243; img_size=&#8221;medium&#8221; style=&#8221;vc_box_border&#8221; border_color=&#8221;sky&#8221;][\/vc_column][\/vc_row][vc_row mo_row_type=&#8221;in_container&#8221; mo_padding=&#8221;custom&#8221; mo_padding_top=&#8221;0&#8243; mo_padding_bottom=&#8221;Space&#8221;][vc_column el_class=&#8221;mobile-no-display&#8221;][vc_separator color=&#8221;custom&#8221; accent_color=&#8221;#00afef&#8221;][\/vc_column][\/vc_row][vc_row mo_row_type=&#8221;in_container&#8221; mo_padding=&#8221;custom&#8221; mo_padding_top=&#8221;0&#8243; mo_padding_bottom=&#8221;Space&#8221;][vc_column width=&#8221;1\/3&#8243; el_class=&#8221;mobile-no-display&#8221;][vc_column_text]<\/p>\n<p style=\"text-align: center;\"><i class=\"wp-svg-pacman pacman\"style=\"color:#00afef;\"><\/i><\/p>\n<p>[\/vc_column_text][vc_single_image image=&#8221;20882&#8243; img_size=&#8221;medium&#8221; style=&#8221;vc_box_border&#8221; border_color=&#8221;sky&#8221;][\/vc_column][vc_column width=&#8221;2\/3&#8243;][vc_custom_heading text=&#8221;\u2026  AND YOUR COMPETITORS CLOSER!&#8221; font_container=&#8221;tag:h2|text_align:left|color:%2300afef&#8221; use_theme_fonts=&#8221;yes&#8221;][vc_column_text css_animation=&#8221;none&#8221;]<span style=\"font-family: 'trebuchet ms', geneva, sans-serif; font-size: 18pt;\">Centralizing competitor\u00a0 and market intelligence allows you to move quickly and counter your competitors moves when you need to!<\/span>[\/vc_column_text][vc_btn title=&#8221;Consult the rates&#8221; style=&#8221;custom&#8221; custom_background=&#8221;#00afef&#8221; custom_text=&#8221;#ffffff&#8221; size=&#8221;lg&#8221; link=&#8221;url:https%3A%2F%2Fphpreaction.com%2Fen%2Fhome%2Fpricing%2F|&#8221;][\/vc_column][\/vc_row][vc_row mo_row_type=&#8221;in_container&#8221; mo_padding=&#8221;custom&#8221; mo_padding_top=&#8221;0&#8243; mo_padding_bottom=&#8221;Space&#8221;][vc_column el_class=&#8221;mobile-no-display&#8221;][vc_separator color=&#8221;custom&#8221; accent_color=&#8221;#00afef&#8221;][\/vc_column][\/vc_row][vc_row mo_row_type=&#8221;in_container&#8221; mo_padding=&#8221;custom&#8221; mo_padding_top=&#8221;0&#8243; mo_padding_bottom=&#8221;Space&#8221;][vc_column width=&#8221;2\/3&#8243;][vc_custom_heading text=&#8221;Visualize your progress and that of your team!&#8221; font_container=&#8221;tag:h2|text_align:left|color:%2300afef&#8221; use_theme_fonts=&#8221;yes&#8221;][vc_column_text css_animation=&#8221;none&#8221;]<span style=\"font-family: 'trebuchet ms', geneva, sans-serif; font-size: 18pt;\">With PHPReactions\u2019 follow up and prospection reports you can see at a glance how your team is doing, who needs help, where, when and how much!\u00a0 You can now track performance proactively and make sure to generate tangible results.\u00a0 What gets measured gets done!<\/span>[\/vc_column_text][vc_btn title=&#8221;Consult the rates&#8221; style=&#8221;custom&#8221; custom_background=&#8221;#00afef&#8221; custom_text=&#8221;#ffffff&#8221; size=&#8221;lg&#8221; link=&#8221;url:https%3A%2F%2Fphpreaction.com%2Fen%2Fhome%2Fpricing%2F|&#8221;][\/vc_column][vc_column width=&#8221;1\/3&#8243; el_class=&#8221;mobile-no-display&#8221;][vc_column_text]<\/p>\n<p style=\"text-align: center;\"><i class=\"wp-svg-stats stats\"style=\"color:#00afef;\"><\/i><\/p>\n<p>[\/vc_column_text][vc_single_image image=&#8221;20972&#8243; img_size=&#8221;medium&#8221; style=&#8221;vc_box_border&#8221; border_color=&#8221;sky&#8221;][\/vc_column][\/vc_row][vc_row mo_row_type=&#8221;in_container&#8221; mo_padding=&#8221;custom&#8221; mo_padding_top=&#8221;70&#8243;][vc_column]<script type=\"text\/javascript\">\njQuery(document).ready(function($) {jQuery('.testimonials2-slider-container .flexslider').flexslider({animation: \"slide\",slideshowSpeed: 5000,animationSpeed: 600,namespace: \"flex-\",pauseOnAction:false,pauseOnHover: true,controlNav: true,directionNav: false,prevText: \"Previous<span><\/span>\",nextText: \"Next<span><\/span>\",smoothHeight: false,animationLoop: true,slideshow: true,easing: \"swing\",})});\n<\/script>\n<div  class=\"testimonials2-slider-container\"><div class=\"flexslider\">\n            <ul class=\"slides\">\n\n                \n                    \n                        <li>\n                                                            <div class=\"fourcol\">\n                                    <div class=\"center\">\n                                        <img loading=\"lazy\" decoding=\"async\" width=\"530\" height=\"530\" src=\"https:\/\/phpreaction.com\/wp-content\/uploads\/2015\/05\/JE_Temoignage.jpg\" class=\"alignleft img-circle wp-post-image\" alt=\"Karine Cotnoir\" \/>                                    <\/div>\n                                <\/div>\n                            \n                            <div class=\"quote eightcol last\">\n                                <blockquote>\n                                    <cite><i class=\"icon-testimonial\"><\/i>Karine Cotnoir, Jeunes Entreprises de la Haute-Yamaska                                    <\/cite>\n\n                                    <div class=\"text\">\n                                        <p>It's necessary to have a good organizational structure when growing. PHPReaction provided us with the shoes we needed to learn how to run!<\/p>\n                                    <\/div>\n                                <\/blockquote>\n                            <\/div>\n                        <\/li>\n\n                    \n                \n                    \n                        <li>\n                                                            <div class=\"fourcol\">\n                                    <div class=\"center\">\n                                        <img loading=\"lazy\" decoding=\"async\" width=\"359\" height=\"342\" src=\"https:\/\/phpreaction.com\/wp-content\/uploads\/2015\/04\/Sam_AA.jpg\" class=\"alignleft img-circle wp-post-image\" alt=\"Samuel Gagnon-Tremblay\" \/>                                    <\/div>\n                                <\/div>\n                            \n                            <div class=\"quote eightcol last\">\n                                <blockquote>\n                                    <cite><i class=\"icon-testimonial\"><\/i>Samuel Gagnon-Tremblay, Les Artisans d'Azure                                    <\/cite>\n\n                                    <div class=\"text\">\n                                        <p>My business could not have grown so quickly without the tools provided by PHPReaction.<\/p>\n                                    <\/div>\n                                <\/blockquote>\n                            <\/div>\n                        <\/li>\n\n                    \n                \n                    \n                        <li>\n                                                            <div class=\"fourcol\">\n                                    <div class=\"center\">\n                                        <img loading=\"lazy\" decoding=\"async\" width=\"196\" height=\"196\" src=\"https:\/\/phpreaction.com\/wp-content\/uploads\/2025\/10\/alexandre-picard.jpg\" class=\"alignleft img-circle wp-post-image\" alt=\"Alexandre Picard\" \/>                                    <\/div>\n                                <\/div>\n                            \n                            <div class=\"quote eightcol last\">\n                                <blockquote>\n                                    <cite><i class=\"icon-testimonial\"><\/i>Alexandre Picard, Picard Marine                                    <\/cite>\n\n                                    <div class=\"text\">\n                                        <p>My employees love it, they find it easy to use, intuitive, and the system promotes a professional image of our company.<\/p>\n                                    <\/div>\n                                <\/blockquote>\n                            <\/div>\n                        <\/li>\n\n                    \n                \n                    \n                        <li>\n                                                            <div class=\"fourcol\">\n                                    <div class=\"center\">\n                                        <img loading=\"lazy\" decoding=\"async\" width=\"2472\" height=\"2472\" src=\"https:\/\/phpreaction.com\/wp-content\/uploads\/2015\/04\/JLM_Temoignage.jpg\" class=\"alignleft img-circle wp-post-image\" alt=\"Mich\u00e8le Girard et Jean-Louis Choini\u00e8re\" \/>                                    <\/div>\n                                <\/div>\n                            \n                            <div class=\"quote eightcol last\">\n                                <blockquote>\n                                    <cite><i class=\"icon-testimonial\"><\/i>Mich\u00e8le Girard et Jean-Louis Choini\u00e8re, Les surgel\u00e9s JLM                                    <\/cite>\n\n                                    <div class=\"text\">\n                                        <p>They always respect the schedules that we agree on together.<\/p>\n                                    <\/div>\n                                <\/blockquote>\n                            <\/div>\n                        <\/li>\n\n                    \n                \n            <\/ul>\n\n            <\/div><!-- flexslider --><\/div><!-- testimonials2-slider-container -->[\/vc_column][\/vc_row][vc_row mo_row_type=&#8221;in_container&#8221; mo_bg_image=&#8221;2735&#8243;][vc_column][vc_column_text]<\/p>\n<h2 style=\"text-align: center;\"><span style=\"font-family: 'trebuchet ms', geneva, sans-serif;\">ARE YOU READY FOR A NEW LEVEL OF PERFORMANCE IN CLIENT RELATIONS MANAGEMENT?<\/span><\/h2>\n<h2 style=\"text-align: center;\"><span style=\"font-family: 'trebuchet ms', geneva, sans-serif;\"><a href=\"https:\/\/phpreaction.com\/en\/contactez-nous\/?lang=en\">CONTACT US FOR A PRESENTATION<\/a><\/span><\/h2>\n<p>[\/vc_column_text][\/vc_column][\/vc_row][vc_row mo_row_type=&#8221;in_container&#8221; mo_text_scheme=&#8221;darker-overlay&#8221; mo_bg_color=&#8221;#1da9de&#8221;][vc_column css=&#8221;.vc_custom_1430181534626{background-color: #1da9de !important;}&#8221;][vc_column_text]<\/p>\n<h2 style=\"text-align: center;\"><strong><span style=\"font-family: 'trebuchet ms', geneva, sans-serif;\">MUCH MORE THAN A SIMPLE CLIENT RELATIONS MANAGEMENT\u2026<\/span><\/strong><\/h2>\n<p>[\/vc_column_text][\/vc_column][\/vc_row][vc_row mo_row_type=&#8221;in_container&#8221;][vc_column css=&#8221;.vc_custom_1430180674574{margin-bottom: 10% !important;}&#8221;][vc_column_text css=&#8221;.vc_custom_1643313978517{padding-bottom: 5% !important;}&#8221;]<\/p>\n<h5 style=\"text-align: center;\"><span style=\"font-family: 'trebuchet ms', geneva, sans-serif; font-size: 24pt;\">PHPReaction can grow with your business because it\u2019s modular.\u00a0 The CRM module shares affinities with these other modules :<\/span><\/h5>\n<p>[\/vc_column_text][vc_row_inner][vc_column_inner width=&#8221;1\/6&#8243;][\/vc_column_inner][vc_column_inner width=&#8221;2\/3&#8243;][vc_custom_heading text=&#8221;YOU JUST CLOSED A SALE AND TURNED A PROSPECT INTO A CLIENT?&#8221; font_container=&#8221;tag:h2|text_align:center|color:%2300afef&#8221; use_theme_fonts=&#8221;yes&#8221;][vc_empty_space height=&#8221;20px&#8221;][vc_single_image image=&#8221;8733&#8243; img_size=&#8221;full&#8221; alignment=&#8221;center&#8221; onclick=&#8221;custom_link&#8221; link=&#8221;\/logiciels\/logiciel-de-facturation-ventes-rentables-2\/&#8221;][vc_empty_space height=&#8221;20px&#8221;][vc_column_text]<\/p>\n<p style=\"text-align: justify;\"><span style=\"font-family: 'trebuchet ms', geneva, sans-serif; font-size: 18pt;\">You can enter this information directly to their file and generate an invoice automatically using the\u00a0<a href=\"https:\/\/phpreaction.com\/en\/softwares\/sales-and-invoicing-sharp-and-efficient\/\">Sales and Invoicing module.<\/a><\/span><\/p>\n<p>[\/vc_column_text][\/vc_column_inner][vc_column_inner width=&#8221;1\/6&#8243;][\/vc_column_inner][\/vc_row_inner][vc_column_text css=&#8221;.vc_custom_1643314015160{margin-top: 5% !important;}&#8221;]<\/p>\n<p style=\"text-align: center;\"><span style=\"font-family: 'trebuchet ms', geneva, sans-serif; font-size: 18pt;\"><strong>PHPReaction\u2019s CRM module can also be purchased as part of the complete PHPReaction suite.\u00a0 Centralized information puts you in the driver\u2019s seat.<\/strong><\/span><\/p>\n<p>[\/vc_column_text][\/vc_column][\/vc_row]<\/p>\n","protected":false},"excerpt":{"rendered":"<p>[vc_row mo_row_type=&#8221;in_container&#8221; mo_text_scheme=&#8221;darker-overlay&#8221; mo_bg_color=&#8221;#ffffff&#8221; mo_bg_image=&#8221;20859&#8243;][vc_column width=&#8221;1\/2&#8243; offset=&#8221;vc_hidden-xs&#8221;][vc_custom_heading text=&#8221;The targeted business development software&#8221; font_container=&#8221;tag:h2|font_size:52|text_align:left&#8221; use_theme_fonts=&#8221;yes&#8221;][vc_separator color=&#8221;white&#8221;][vc_column_text] OPTIMIZE YOUR BUSINESS DEVELOPMENT AND MAXIMIZE YOUR PROFITS BY DOING THE ENTRY, MANAGEMENT, SEARCH AND FOLLOW-UP OF YOUR PROSPECTS IN AN ORGANIZED AND EFFICIENT WAY! Work effectively with your suppliers Easily gather information from your competitors Visualize the progress of [&hellip;]<\/p>\n","protected":false},"author":1,"featured_media":2924,"parent":4475,"menu_order":0,"comment_status":"closed","ping_status":"closed","template":"template-full-width.php","meta":{"footnotes":""},"class_list":["post-3309","page","type-page","status-publish","has-post-thumbnail","hentry"],"_links":{"self":[{"href":"https:\/\/phpreaction.com\/en\/wp-json\/wp\/v2\/pages\/3309","targetHints":{"allow":["GET"]}}],"collection":[{"href":"https:\/\/phpreaction.com\/en\/wp-json\/wp\/v2\/pages"}],"about":[{"href":"https:\/\/phpreaction.com\/en\/wp-json\/wp\/v2\/types\/page"}],"author":[{"embeddable":true,"href":"https:\/\/phpreaction.com\/en\/wp-json\/wp\/v2\/users\/1"}],"replies":[{"embeddable":true,"href":"https:\/\/phpreaction.com\/en\/wp-json\/wp\/v2\/comments?post=3309"}],"version-history":[{"count":0,"href":"https:\/\/phpreaction.com\/en\/wp-json\/wp\/v2\/pages\/3309\/revisions"}],"up":[{"embeddable":true,"href":"https:\/\/phpreaction.com\/en\/wp-json\/wp\/v2\/pages\/4475"}],"wp:featuredmedia":[{"embeddable":true,"href":"https:\/\/phpreaction.com\/en\/wp-json\/wp\/v2\/media\/2924"}],"wp:attachment":[{"href":"https:\/\/phpreaction.com\/en\/wp-json\/wp\/v2\/media?parent=3309"}],"curies":[{"name":"wp","href":"https:\/\/api.w.org\/{rel}","templated":true}]}}