{"id":3310,"date":"2015-08-14T14:51:57","date_gmt":"2015-08-14T19:51:57","guid":{"rendered":"https:\/\/phpreaction.com\/?page_id=3310&#038;lang=en"},"modified":"2022-01-31T12:54:20","modified_gmt":"2022-01-31T17:54:20","slug":"simple-payroll-one-click-and-youre-done","status":"publish","type":"page","link":"https:\/\/phpreaction.com\/en\/softwares\/simple-payroll-one-click-and-youre-done\/","title":{"rendered":"Payroll Software: Simplified Payroll"},"content":{"rendered":"<p>[vc_row mo_row_type=&#8221;in_container&#8221; mo_text_scheme=&#8221;darker-overlay&#8221; mo_bg_color=&#8221;#ffffff&#8221; mo_bg_image=&#8221;20859&#8243;][vc_column width=&#8221;1\/2&#8243; offset=&#8221;vc_hidden-xs&#8221;][vc_custom_heading text=&#8221;payroll software&#8221; font_container=&#8221;tag:h2|font_size:52|text_align:left&#8221; use_theme_fonts=&#8221;yes&#8221;][vc_separator color=&#8221;white&#8221;][vc_column_text]<\/p>\n<h2><span style=\"font-family: 'trebuchet ms', geneva, sans-serif;\">SIMPLICITY : YOU CAN NOW SAY GOODBYE TO THE COMPLICATIONS AND GENERATE PAYROLL IN A SINGLE CLICK!<\/span><\/h2>\n<ul>\n<li><span style=\"font-family: 'trebuchet ms', geneva, sans-serif; font-size: 18pt;\">Facilitate the payroll of your employees<\/span><\/li>\n<li><span style=\"font-family: 'trebuchet ms', geneva, sans-serif; font-size: 18pt;\">Facilitates DAS \/ T4 \/ R1<\/span><\/li>\n<\/ul>\n<p>[\/vc_column_text][vc_btn title=&#8221; Get the free trial&#8221; style=&#8221;custom&#8221; custom_background=&#8221;#4f4f4f&#8221; custom_text=&#8221;#00afef&#8221; size=&#8221;lg&#8221; link=&#8221;url:https%3A%2F%2Fphpreaction.com%2Fen%2Fperform%2F|&#8221;][\/vc_column][vc_column width=&#8221;1\/2&#8243; offset=&#8221;vc_hidden-xs&#8221;][vc_empty_space height=&#8221;120px&#8221;][vc_video link=&#8221;https:\/\/youtu.be\/i4S-W0J-a0M&#8221; align=&#8221;center&#8221;][\/vc_column][\/vc_row][vc_row mo_row_type=&#8221;in_container&#8221;][vc_column width=&#8221;1\/2&#8243;][vc_column_text css=&#8221;.vc_custom_1642545668890{padding-bottom: 3% !important;}&#8221;]<\/p>\n<p style=\"text-align: center;\"><span style=\"font-family: 'trebuchet ms', geneva, sans-serif; font-size: 18pt;\"><i class=\"wp-svg-lightning lightning\"style=\"color:#00afef;\"><\/i><\/span><\/p>\n<p>[\/vc_column_text][vc_column_text css=&#8221;.vc_custom_1642545603430{padding-top: 3% !important;}&#8221;]<\/p>\n<p style=\"text-align: center;\"><span style=\"font-size: 18pt; font-family: 'trebuchet ms', geneva, sans-serif;\"><strong>Peace of mind : no more complications, no more frustration when pay time rolls around!<\/strong><\/span><\/p>\n<p>[\/vc_column_text][\/vc_column][vc_column width=&#8221;1\/2&#8243;][vc_column_text css=&#8221;.vc_custom_1642545657664{padding-bottom: 3% !important;}&#8221;]<\/p>\n<p style=\"text-align: center;\"><span style=\"font-family: 'trebuchet ms', geneva, sans-serif; font-size: 18pt;\"><i class=\"wp-svg-paste-3 paste-3\"style=\"color:#00afef;\"><\/i><\/span><\/p>\n<p>[\/vc_column_text][vc_column_text css=&#8221;.vc_custom_1642545616572{padding-top: 3% !important;}&#8221;]<\/p>\n<p style=\"text-align: center;\"><span style=\"font-family: 'trebuchet ms', geneva, sans-serif; font-size: 18pt;\"><strong>Put an\u00a0 end to the endless hours spent computing and preparing deduction reports, T4s and R1s!<\/strong><\/span><\/p>\n<p>[\/vc_column_text][\/vc_column][\/vc_row][vc_row mo_row_type=&#8221;in_container&#8221; mo_padding=&#8221;none&#8221;][vc_column][vc_btn title=&#8221;Consult the rates&#8221; style=&#8221;custom&#8221; custom_background=&#8221;#00afef&#8221; custom_text=&#8221;#ffffff&#8221; size=&#8221;lg&#8221; align=&#8221;center&#8221; link=&#8221;url:https%3A%2F%2Fphpreaction.com%2Fen%2Fhome%2Fpricing%2F|&#8221;][\/vc_column][\/vc_row][vc_row mo_row_type=&#8221;in_container&#8221; mo_text_scheme=&#8221;darker-overlay&#8221; mo_bg_color=&#8221;#1da9de&#8221;][vc_column][vc_column_text css=&#8221;.vc_custom_1642545448573{padding-bottom: 5% !important;}&#8221;]<\/p>\n<h2 style=\"text-align: center;\"><span style=\"font-family: 'trebuchet ms', geneva, sans-serif;\">WITH SIMPLE PAYROLL, YOU HAVE WHAT YOU NEED TO PERFORM!<\/span><\/h2>\n<p>[\/vc_column_text][\/vc_column][\/vc_row][vc_row mo_row_type=&#8221;in_container&#8221; mo_padding=&#8221;custom&#8221; mo_padding_top=&#8221;70&#8243; mo_padding_bottom=&#8221;Space&#8221;][vc_column width=&#8221;1\/3&#8243; el_class=&#8221;mobile-no-display&#8221;][vc_column_text]<span style=\"font-family: 'trebuchet ms', geneva, sans-serif; font-size: 18pt;\"><i class=\"wp-svg-cogs cogs\"style=\"color:#00afef;\"><\/i><\/span>[\/vc_column_text][vc_single_image image=&#8221;20882&#8243; img_size=&#8221;medium&#8221; style=&#8221;vc_box_border&#8221; border_color=&#8221;sky&#8221;][\/vc_column][vc_column width=&#8221;2\/3&#8243;][vc_custom_heading text=&#8221;MANUAL OR AUTOMATED PAYROLL&#8221; font_container=&#8221;tag:h2|text_align:left|color:%2300afef&#8221; use_theme_fonts=&#8221;yes&#8221;][vc_column_text css_animation=&#8221;none&#8221;]<span style=\"font-family: 'trebuchet ms', geneva, sans-serif; font-size: 18pt;\">PHPReaction enables you to make payroll automatic, so you can get back to doing what you do best!<\/span>[\/vc_column_text][vc_btn title=&#8221;Consult the rates&#8221; style=&#8221;custom&#8221; custom_background=&#8221;#00afef&#8221; custom_text=&#8221;#ffffff&#8221; size=&#8221;lg&#8221; link=&#8221;url:https%3A%2F%2Fphpreaction.com%2Fen%2Fhome%2Fpricing%2F|&#8221;][\/vc_column][\/vc_row][vc_row mo_row_type=&#8221;in_container&#8221; mo_padding=&#8221;none&#8221;][vc_column][vc_separator color=&#8221;custom&#8221; accent_color=&#8221;#00afef&#8221;][\/vc_column][\/vc_row][vc_row mo_row_type=&#8221;in_container&#8221; mo_padding=&#8221;custom&#8221; mo_padding_top=&#8221;0&#8243; mo_padding_bottom=&#8221;Space&#8221;][vc_column width=&#8221;2\/3&#8243;][vc_custom_heading text=&#8221;MANAGE THE ONE-TIME CASES.  SIMPLY AND EASILY&#8221; font_container=&#8221;tag:h2|text_align:left|color:%2300afef&#8221; use_theme_fonts=&#8221;yes&#8221;][vc_column_text css_animation=&#8221;none&#8221;]<span style=\"font-family: 'trebuchet ms', geneva, sans-serif; font-size: 18pt;\">Allowances?\u00a0 Bonuses?\u00a0 PHPReaction has the necessary flexibility to add well-deserved amounts to one or many employee\u2019s paycheck.\u00a0 It will make the appropriate adjustments on the fly, quickly and precisely.<\/span>[\/vc_column_text][vc_btn title=&#8221;Consult the rates&#8221; style=&#8221;custom&#8221; custom_background=&#8221;#00afef&#8221; custom_text=&#8221;#ffffff&#8221; size=&#8221;lg&#8221; link=&#8221;url:https%3A%2F%2Fphpreaction.com%2Fen%2Fhome%2Fpricing%2F|&#8221;][\/vc_column][vc_column width=&#8221;1\/3&#8243; el_class=&#8221;mobile-no-display&#8221;][vc_column_text]<span style=\"font-family: 'trebuchet ms', geneva, sans-serif; font-size: 18pt;\"><i class=\"wp-svg-settings settings\"style=\"color:#00afef;\"><\/i><\/span>[\/vc_column_text][vc_single_image image=&#8221;20847&#8243; img_size=&#8221;medium&#8221; style=&#8221;vc_box_border&#8221; border_color=&#8221;sky&#8221;][\/vc_column][\/vc_row][vc_row mo_row_type=&#8221;in_container&#8221; mo_padding=&#8221;none&#8221;][vc_column][vc_separator color=&#8221;custom&#8221; accent_color=&#8221;#00afef&#8221;][\/vc_column][\/vc_row][vc_row mo_row_type=&#8221;in_container&#8221; mo_padding=&#8221;custom&#8221; mo_padding_top=&#8221;0&#8243; mo_padding_bottom=&#8221;Space&#8221;][vc_column width=&#8221;1\/3&#8243; el_class=&#8221;mobile-no-display&#8221;][vc_column_text]<span style=\"font-family: 'trebuchet ms', geneva, sans-serif; font-size: 18pt;\"><i class=\"wp-svg-copy copy\"style=\"color:#00afef;\"><\/i><\/span>[\/vc_column_text][vc_single_image image=&#8221;20876&#8243; img_size=&#8221;medium&#8221; style=&#8221;vc_box_border&#8221; border_color=&#8221;sky&#8221;][\/vc_column][vc_column width=&#8221;2\/3&#8243;][vc_custom_heading text=&#8221;GENERATE DEDUCTION REPORTS, T4S, R1&#8243; font_container=&#8221;tag:h2|text_align:left|color:%2300afef&#8221; use_theme_fonts=&#8221;yes&#8221;][vc_column_text css_animation=&#8221;none&#8221;]<span style=\"font-family: 'trebuchet ms', geneva, sans-serif; font-size: 18pt;\">You\u2019re busy enough at year end.\u00a0 Let PHPReaction\u2019s Simple Payroll module do it for you!<\/span><\/p>\n<p><span style=\"font-family: 'trebuchet ms', geneva, sans-serif; font-size: 18pt;\"><em>*The software is set to produce the necessary documents for the province of Quebec. If your company is from another province or country, please let us know.<\/em><\/span>[\/vc_column_text][vc_btn title=&#8221;Consult the rates&#8221; style=&#8221;custom&#8221; custom_background=&#8221;#00afef&#8221; custom_text=&#8221;#ffffff&#8221; size=&#8221;lg&#8221; link=&#8221;url:https%3A%2F%2Fphpreaction.com%2Fen%2Fhome%2Fpricing%2F|&#8221;][\/vc_column][\/vc_row][vc_row mo_row_type=&#8221;in_container&#8221; mo_padding=&#8221;custom&#8221; mo_padding_top=&#8221;70&#8243;][vc_column]<script type=\"text\/javascript\">\njQuery(document).ready(function($) {jQuery('.testimonials2-slider-container .flexslider').flexslider({animation: \"slide\",slideshowSpeed: 5000,animationSpeed: 600,namespace: \"flex-\",pauseOnAction:false,pauseOnHover: true,controlNav: true,directionNav: false,prevText: \"Previous<span><\/span>\",nextText: \"Next<span><\/span>\",smoothHeight: false,animationLoop: true,slideshow: true,easing: \"swing\",})});\n<\/script>\n<div  class=\"testimonials2-slider-container\"><div class=\"flexslider\">\n            <ul class=\"slides\">\n\n                \n                    \n                        <li>\n                                                            <div class=\"fourcol\">\n                                    <div class=\"center\">\n                                        <img loading=\"lazy\" decoding=\"async\" width=\"530\" height=\"530\" src=\"https:\/\/phpreaction.com\/wp-content\/uploads\/2015\/05\/JE_Temoignage.jpg\" class=\"alignleft img-circle wp-post-image\" alt=\"Karine Cotnoir\" \/>                                    <\/div>\n                                <\/div>\n                            \n                            <div class=\"quote eightcol last\">\n                                <blockquote>\n                                    <cite><i class=\"icon-testimonial\"><\/i>Karine Cotnoir, Jeunes Entreprises de la Haute-Yamaska                                    <\/cite>\n\n                                    <div class=\"text\">\n                                        <p>It's necessary to have a good organizational structure when growing. PHPReaction provided us with the shoes we needed to learn how to run!<\/p>\n                                    <\/div>\n                                <\/blockquote>\n                            <\/div>\n                        <\/li>\n\n                    \n                \n                    \n                        <li>\n                                                            <div class=\"fourcol\">\n                                    <div class=\"center\">\n                                        <img loading=\"lazy\" decoding=\"async\" width=\"359\" height=\"342\" src=\"https:\/\/phpreaction.com\/wp-content\/uploads\/2015\/04\/Sam_AA.jpg\" class=\"alignleft img-circle wp-post-image\" alt=\"Samuel Gagnon-Tremblay\" \/>                                    <\/div>\n                                <\/div>\n                            \n                            <div class=\"quote eightcol last\">\n                                <blockquote>\n                                    <cite><i class=\"icon-testimonial\"><\/i>Samuel Gagnon-Tremblay, Les Artisans d'Azure                                    <\/cite>\n\n                                    <div class=\"text\">\n                                        <p>My business could not have grown so quickly without the tools provided by PHPReaction.<\/p>\n                                    <\/div>\n                                <\/blockquote>\n                            <\/div>\n                        <\/li>\n\n                    \n                \n                    \n                        <li>\n                                                            <div class=\"fourcol\">\n                                    <div class=\"center\">\n                                        <img loading=\"lazy\" decoding=\"async\" width=\"196\" height=\"196\" src=\"https:\/\/phpreaction.com\/wp-content\/uploads\/2025\/10\/alexandre-picard.jpg\" class=\"alignleft img-circle wp-post-image\" alt=\"Alexandre Picard\" \/>                                    <\/div>\n                                <\/div>\n                            \n                            <div class=\"quote eightcol last\">\n                                <blockquote>\n                                    <cite><i class=\"icon-testimonial\"><\/i>Alexandre Picard, Picard Marine                                    <\/cite>\n\n                                    <div class=\"text\">\n                                        <p>My employees love it, they find it easy to use, intuitive, and the system promotes a professional image of our company.<\/p>\n                                    <\/div>\n                                <\/blockquote>\n                            <\/div>\n                        <\/li>\n\n                    \n                \n                    \n                        <li>\n                                                            <div class=\"fourcol\">\n                                    <div class=\"center\">\n                                        <img loading=\"lazy\" decoding=\"async\" width=\"2472\" height=\"2472\" src=\"https:\/\/phpreaction.com\/wp-content\/uploads\/2015\/04\/JLM_Temoignage.jpg\" class=\"alignleft img-circle wp-post-image\" alt=\"Mich\u00e8le Girard et Jean-Louis Choini\u00e8re\" \/>                                    <\/div>\n                                <\/div>\n                            \n                            <div class=\"quote eightcol last\">\n                                <blockquote>\n                                    <cite><i class=\"icon-testimonial\"><\/i>Mich\u00e8le Girard et Jean-Louis Choini\u00e8re, Les surgel\u00e9s JLM                                    <\/cite>\n\n                                    <div class=\"text\">\n                                        <p>They always respect the schedules that we agree on together.<\/p>\n                                    <\/div>\n                                <\/blockquote>\n                            <\/div>\n                        <\/li>\n\n                    \n                \n            <\/ul>\n\n            <\/div><!-- flexslider --><\/div><!-- testimonials2-slider-container -->[\/vc_column][\/vc_row][vc_row mo_row_type=&#8221;in_container&#8221; mo_padding=&#8221;custom&#8221; mo_bg_image=&#8221;2735&#8243; mo_padding_top=&#8221;70&#8243;][vc_column][vc_column_text]<\/p>\n<h2 style=\"text-align: center;\"><span style=\"font-family: 'trebuchet ms', geneva, sans-serif;\">ARE YOU READY FOR A NEWER LEVEL OF EFFICIENT PAYROLL MANAGEMENT?<\/span><\/h2>\n<h2 style=\"text-align: center;\"><span style=\"font-family: 'trebuchet ms', geneva, sans-serif;\"><a href=\"https:\/\/phpreaction.com\/en\/contactez-nous\/?lang=en\">CONTACT US FOR A PRESENTATION<\/a><\/span><\/h2>\n<p>[\/vc_column_text][\/vc_column][\/vc_row][vc_row mo_row_type=&#8221;in_container&#8221; mo_text_scheme=&#8221;darker-overlay&#8221; mo_bg_color=&#8221;#1da9de&#8221;][vc_column css=&#8221;.vc_custom_1430181534626{background-color: #1da9de !important;}&#8221;][vc_column_text]<\/p>\n<h2 style=\"text-align: center;\"><span style=\"font-family: 'trebuchet ms', geneva, sans-serif;\">SIMPLE PAYROLL\u2026 MUCH MORE THAN A SIMPLE PAYROLL SOFTWARE!<\/span><\/h2>\n<p>[\/vc_column_text][\/vc_column][\/vc_row][vc_row mo_row_type=&#8221;in_container&#8221;][vc_column css=&#8221;.vc_custom_1430180674574{margin-bottom: 10% !important;}&#8221;][vc_custom_heading text=&#8221;PHPReaction can grow with your business because it\u2019s modular.  Payroll has affinities with these other modules :&#8221; font_container=&#8221;tag:h4|text_align:center&#8221; use_theme_fonts=&#8221;yes&#8221;][vc_empty_space][vc_row_inner][vc_column_inner width=&#8221;1\/6&#8243;][\/vc_column_inner][vc_column_inner width=&#8221;2\/3&#8243;][vc_custom_heading text=&#8221;YOU WANT TO BE ABLE TO RELATE YOUR EMPLOYEES\u2019 PAYCHECK TO SPECIFIC PROJECTS?&#8221; font_container=&#8221;tag:h3|text_align:center|color:%2300afef&#8221; use_theme_fonts=&#8221;yes&#8221;][vc_empty_space height=&#8221;20px&#8221;][vc_single_image image=&#8221;8739&#8243; img_size=&#8221;full&#8221; alignment=&#8221;center&#8221; onclick=&#8221;custom_link&#8221; link=&#8221;\/logiciels\/logiciel-de-gestion-de-projets-gestion-de-projet-efficace\/&#8221;][vc_empty_space height=&#8221;20px&#8221;][vc_column_text]<\/p>\n<p style=\"text-align: justify;\"><span style=\"font-family: 'trebuchet ms', geneva, sans-serif; font-size: 18pt;\">Because Payroll is compatible with the\u00a0<a href=\"https:\/\/phpreaction.com\/en\/softwares\/project-management-track-time-to-stay-on-top\/\">Project Management module<\/a>, all hours recorded in relation to specific projects can be apportioned specifically to those project but the total will be aggregated automatically.\u00a0 All this in a few clicks.<\/span><\/p>\n<p>[\/vc_column_text][\/vc_column_inner][vc_column_inner width=&#8221;1\/6&#8243;][\/vc_column_inner][\/vc_row_inner][vc_column_text css=&#8221;.vc_custom_1642544323494{margin-top: 5% !important;}&#8221;]<\/p>\n<h2 style=\"text-align: center;\"><span style=\"font-family: 'trebuchet ms', geneva, sans-serif; font-size: 18pt;\"><strong>Simple Payroll can also be purchased as a part of the <a href=\"https:\/\/phpreaction.com\/en\/#software\">complete PHPReaction suite<\/a>, so you can centralize information and processes into a coherent, unified whole.<\/strong><\/span><\/h2>\n<p>[\/vc_column_text][\/vc_column][\/vc_row][vc_row mo_row_type=&#8221;in_container&#8221;][vc_column][vc_custom_heading text=&#8221;COMPANIES WORKING WITH THE SOFTWARE&#8221; font_container=&#8221;tag:h3|text_align:center|color:%2300afef&#8221; use_theme_fonts=&#8221;yes&#8221;][vc_empty_space height=&#8221;30px&#8221;][vc_row_inner][vc_column_inner width=&#8221;1\/2&#8243;][vc_single_image image=&#8221;7200&#8243; img_size=&#8221;full&#8221; alignment=&#8221;center&#8221;][vc_custom_heading text=&#8221;Les Artisans d\u2019Azure&#8221; font_container=&#8221;tag:h2|text_align:center|color:%2300afef&#8221; use_theme_fonts=&#8221;yes&#8221;][vc_column_text]<\/p>\n<p style=\"text-align: center;\"><span style=\"font-family: 'trebuchet ms', geneva, sans-serif; font-size: 18pt;\">Is composed of a team of craftsmen specializing in the design and creation of weapons and armor for medieval activities.<\/span><\/p>\n<p>[\/vc_column_text][vc_btn title=&#8221;Read more&#8221; style=&#8221;outline-custom&#8221; outline_custom_color=&#8221;#1da9de&#8221; outline_custom_hover_background=&#8221;#1da9de&#8221; outline_custom_hover_text=&#8221;#ffffff&#8221; size=&#8221;lg&#8221; align=&#8221;center&#8221; link=&#8221;url:http%3A%2F%2Fphpreaction.com%2Fen%2Ftestimonials%2Fles-artisans-dazure%2F|&#8221;][\/vc_column_inner][vc_column_inner width=&#8221;1\/2&#8243;][vc_single_image image=&#8221;7197&#8243; img_size=&#8221;full&#8221; alignment=&#8221;center&#8221;][vc_custom_heading text=&#8221;J&#8217;entreprends la rel\u00e8ve&#8221; font_container=&#8221;tag:h2|text_align:center|color:%2300afef&#8221; use_theme_fonts=&#8221;yes&#8221;][vc_column_text]<\/p>\n<p style=\"text-align: center;\"><span style=\"font-family: 'trebuchet ms', geneva, sans-serif; font-size: 18pt;\">Inspires and educates young people in entrepreneurial values, helps them understand business and the economy and enables them to develop entrepreneurial and leadership skills.<\/span><\/p>\n<p>[\/vc_column_text][vc_btn title=&#8221;Read more&#8221; style=&#8221;outline-custom&#8221; outline_custom_color=&#8221;#1da9de&#8221; outline_custom_hover_background=&#8221;#1da9de&#8221; outline_custom_hover_text=&#8221;#ffffff&#8221; size=&#8221;lg&#8221; align=&#8221;center&#8221; link=&#8221;url:http%3A%2F%2Fphpreaction.com%2Fen%2Fcase-studies%2Fjentreprends-la-releve%2F|&#8221;][\/vc_column_inner][\/vc_row_inner][\/vc_column][\/vc_row]<\/p>\n","protected":false},"excerpt":{"rendered":"<p>[vc_row mo_row_type=&#8221;in_container&#8221; mo_text_scheme=&#8221;darker-overlay&#8221; mo_bg_color=&#8221;#ffffff&#8221; mo_bg_image=&#8221;20859&#8243;][vc_column width=&#8221;1\/2&#8243; offset=&#8221;vc_hidden-xs&#8221;][vc_custom_heading text=&#8221;payroll software&#8221; font_container=&#8221;tag:h2|font_size:52|text_align:left&#8221; use_theme_fonts=&#8221;yes&#8221;][vc_separator color=&#8221;white&#8221;][vc_column_text] SIMPLICITY : YOU CAN NOW SAY GOODBYE TO THE COMPLICATIONS AND GENERATE PAYROLL IN A SINGLE CLICK! Facilitate the payroll of your employees Facilitates DAS \/ T4 \/ R1 [\/vc_column_text][vc_btn title=&#8221; Get the free trial&#8221; style=&#8221;custom&#8221; custom_background=&#8221;#4f4f4f&#8221; custom_text=&#8221;#00afef&#8221; size=&#8221;lg&#8221; link=&#8221;url:https%3A%2F%2Fphpreaction.com%2Fen%2Fperform%2F|&#8221;][\/vc_column][vc_column width=&#8221;1\/2&#8243; offset=&#8221;vc_hidden-xs&#8221;][vc_empty_space height=&#8221;120px&#8221;][vc_video [&hellip;]<\/p>\n","protected":false},"author":1,"featured_media":8698,"parent":4475,"menu_order":0,"comment_status":"closed","ping_status":"closed","template":"template-full-width.php","meta":{"footnotes":""},"class_list":["post-3310","page","type-page","status-publish","has-post-thumbnail","hentry"],"_links":{"self":[{"href":"https:\/\/phpreaction.com\/en\/wp-json\/wp\/v2\/pages\/3310","targetHints":{"allow":["GET"]}}],"collection":[{"href":"https:\/\/phpreaction.com\/en\/wp-json\/wp\/v2\/pages"}],"about":[{"href":"https:\/\/phpreaction.com\/en\/wp-json\/wp\/v2\/types\/page"}],"author":[{"embeddable":true,"href":"https:\/\/phpreaction.com\/en\/wp-json\/wp\/v2\/users\/1"}],"replies":[{"embeddable":true,"href":"https:\/\/phpreaction.com\/en\/wp-json\/wp\/v2\/comments?post=3310"}],"version-history":[{"count":0,"href":"https:\/\/phpreaction.com\/en\/wp-json\/wp\/v2\/pages\/3310\/revisions"}],"up":[{"embeddable":true,"href":"https:\/\/phpreaction.com\/en\/wp-json\/wp\/v2\/pages\/4475"}],"wp:featuredmedia":[{"embeddable":true,"href":"https:\/\/phpreaction.com\/en\/wp-json\/wp\/v2\/media\/8698"}],"wp:attachment":[{"href":"https:\/\/phpreaction.com\/en\/wp-json\/wp\/v2\/media?parent=3310"}],"curies":[{"name":"wp","href":"https:\/\/api.w.org\/{rel}","templated":true}]}}