{"id":3393,"date":"2015-08-21T08:48:00","date_gmt":"2015-08-21T13:48:00","guid":{"rendered":"https:\/\/phpreaction.com\/?page_id=3393&#038;lang=en"},"modified":"2022-01-27T16:00:04","modified_gmt":"2022-01-27T21:00:04","slug":"human-resource-hr-the-right-person-at-the-right-place-at-the-right-time","status":"publish","type":"page","link":"https:\/\/phpreaction.com\/en\/softwares\/human-resource-hr-the-right-person-at-the-right-place-at-the-right-time\/","title":{"rendered":"HR Management software: Ideal Candidat"},"content":{"rendered":"<p>[vc_row mo_row_type=&#8221;in_container&#8221; mo_text_scheme=&#8221;darker-overlay&#8221; mo_bg_color=&#8221;#ffffff&#8221; mo_bg_image=&#8221;20859&#8243;][vc_column width=&#8221;1\/2&#8243; offset=&#8221;vc_hidden-xs&#8221;][vc_custom_heading text=&#8221;HR Management software&#8221; font_container=&#8221;tag:h2|font_size:52|text_align:left&#8221; use_theme_fonts=&#8221;yes&#8221;][vc_separator color=&#8221;white&#8221;][vc_column_text]<br \/>\n<span style=\"font-family: 'trebuchet ms', geneva, sans-serif; font-size: 18pt;\">Facilitate the creation and management of your work team with a tool that allows you to manage the entire hiring process, candidate management and employee schedules easily and quickly<\/span><\/p>\n<ul>\n<li><span style=\"font-family: 'trebuchet ms', geneva, sans-serif; font-size: 18pt;\">Facilitates recruitment<\/span><\/li>\n<li><span style=\"font-family: 'trebuchet ms', geneva, sans-serif; font-size: 18pt;\">Makes a history of applications.<\/span><\/li>\n<\/ul>\n<p>[\/vc_column_text][vc_btn title=&#8221; Get the free trial&#8221; style=&#8221;custom&#8221; custom_background=&#8221;#4f4f4f&#8221; custom_text=&#8221;#00afef&#8221; size=&#8221;lg&#8221; link=&#8221;url:https%3A%2F%2Fphpreaction.com%2Fen%2Fperform%2F|&#8221;][\/vc_column][vc_column width=&#8221;1\/2&#8243; offset=&#8221;vc_hidden-xs&#8221;][vc_empty_space height=&#8221;120px&#8221;][vc_video link=&#8221;https:\/\/youtu.be\/WFh45TJoPIY&#8221; align=&#8221;center&#8221;][\/vc_column][\/vc_row][vc_row mo_row_type=&#8221;in_container&#8221;][vc_column][vc_column_text css=&#8221;.vc_custom_1643317067905{padding-bottom: 5% !important;}&#8221;]<\/p>\n<h3 style=\"text-align: center;\"><strong><span style=\"font-family: 'trebuchet ms', geneva, sans-serif; font-size: 24pt;\">AREN\u2019T YOU TIRED OF\u2026<\/span><\/strong><\/h3>\n<p>[\/vc_column_text][\/vc_column][vc_column width=&#8221;1\/2&#8243;][vc_column_text css=&#8221;.vc_custom_1642612091854{padding-bottom: 3% !important;}&#8221;]<\/p>\n<p style=\"text-align: center;\"><span style=\"font-family: 'trebuchet ms', geneva, sans-serif; font-size: 18pt;\"><i class=\"wp-svg-busy busy\"style=\"color:#00afef;\"><\/i><\/span><\/p>\n<p>[\/vc_column_text][vc_column_text css=&#8221;.vc_custom_1642612027631{padding-top: 3% !important;}&#8221;]<\/p>\n<p style=\"text-align: center;\"><span style=\"font-family: 'times new roman', times, serif; font-size: 18pt;\"><strong>\u2026wasting time sorting application forms?<\/strong><\/span><\/p>\n<p>[\/vc_column_text][\/vc_column][vc_column width=&#8221;1\/2&#8243;][vc_column_text css=&#8221;.vc_custom_1642612104866{padding-bottom: 3% !important;}&#8221;]<\/p>\n<p style=\"text-align: center;\"><span style=\"font-family: 'trebuchet ms', geneva, sans-serif; font-size: 18pt;\"><i class=\"wp-svg-phone phone\"style=\"color:#00afef;\"><\/i><\/span><\/p>\n<p>[\/vc_column_text][vc_column_text css=&#8221;.vc_custom_1642612047641{padding-top: 3% !important;}&#8221;]<\/p>\n<p style=\"text-align: center;\"><span style=\"font-family: 'trebuchet ms', geneva, sans-serif; font-size: 18pt;\"><strong>\u2026losing track of potential talent?<\/strong><\/span><\/p>\n<p>[\/vc_column_text][\/vc_column][\/vc_row][vc_row mo_row_type=&#8221;in_container&#8221;][vc_column][vc_btn title=&#8221;Consult the rates&#8221; style=&#8221;custom&#8221; custom_background=&#8221;#00afef&#8221; custom_text=&#8221;#ffffff&#8221; size=&#8221;lg&#8221; align=&#8221;center&#8221; link=&#8221;url:https%3A%2F%2Fphpreaction.com%2Fen%2Fhome%2Fpricing%2F|&#8221;][\/vc_column][\/vc_row][vc_row mo_row_type=&#8221;in_container&#8221; mo_text_scheme=&#8221;darker-overlay&#8221; mo_bg_color=&#8221;#1da9de&#8221;][vc_column][vc_column_text css=&#8221;.vc_custom_1643317053601{padding-bottom: 5% !important;}&#8221;]<\/p>\n<h2 style=\"text-align: center;\"><strong><span style=\"font-family: 'trebuchet ms', geneva, sans-serif; font-size: 24pt;\">WITH OUR HR MANAGEMENT SOFTWARE,<\/span><\/strong><br \/>\n<strong><span style=\"font-family: 'trebuchet ms', geneva, sans-serif; font-size: 24pt;\">YOU HAVE ALL YOU NEED!<\/span><\/strong><\/h2>\n<p>[\/vc_column_text][\/vc_column][\/vc_row][vc_row mo_row_type=&#8221;in_container&#8221;][vc_column width=&#8221;1\/3&#8243; el_class=&#8221;mobile-no-display&#8221;][vc_column_text]<\/p>\n<p style=\"text-align: center;\"><span style=\"font-family: 'trebuchet ms', geneva, sans-serif; font-size: 18pt;\"><i class=\"wp-svg-pawn pawn\"style=\"color:#00afef;\"><\/i><\/span><\/p>\n<p>[\/vc_column_text][vc_single_image image=&#8221;20972&#8243; img_size=&#8221;medium&#8221; style=&#8221;vc_box_border&#8221; border_color=&#8221;sky&#8221;][\/vc_column][vc_column width=&#8221;2\/3&#8243;][vc_custom_heading text=&#8221;RECRUITING MADE EASY&#8221; font_container=&#8221;tag:h2|text_align:left|color:%2300afef&#8221; use_theme_fonts=&#8221;yes&#8221;][vc_column_text css_animation=&#8221;none&#8221;]<span style=\"font-family: 'trebuchet ms', geneva, sans-serif; font-size: 18pt;\">PHPReaction\u2019s HR module allows you to sort through applications and save time so you can concentrate of finding the next star for your team.<\/span>[\/vc_column_text][vc_btn title=&#8221;Consult the rates&#8221; style=&#8221;custom&#8221; custom_background=&#8221;#00afef&#8221; custom_text=&#8221;#ffffff&#8221; size=&#8221;lg&#8221; link=&#8221;url:https%3A%2F%2Fphpreaction.com%2Fen%2Fhome%2Fpricing%2F|&#8221;][\/vc_column][\/vc_row][vc_row mo_row_type=&#8221;in_container&#8221; mo_padding=&#8221;none&#8221;][vc_column][vc_separator color=&#8221;custom&#8221; accent_color=&#8221;#00afef&#8221;][\/vc_column][\/vc_row][vc_row mo_row_type=&#8221;in_container&#8221; mo_padding=&#8221;custom&#8221; mo_padding_top=&#8221;0&#8243;][vc_column width=&#8221;2\/3&#8243;][vc_custom_heading text=&#8221;KEEP TRACK OF YOUR RECRUITING&#8221; font_container=&#8221;tag:h2|text_align:left|color:%2300afef&#8221; use_theme_fonts=&#8221;yes&#8221;][vc_column_text css_animation=&#8221;none&#8221;]<span style=\"font-family: 'trebuchet ms', geneva, sans-serif; font-size: 18pt;\">The timing can\u2019t always be perfect. This is why keeping track of potential talent and being able to get back in touch with them in a few months or even years later can be very useful to your HR departement.<\/span>[\/vc_column_text][vc_btn title=&#8221;Consult the rates&#8221; style=&#8221;custom&#8221; custom_background=&#8221;#00afef&#8221; custom_text=&#8221;#ffffff&#8221; size=&#8221;lg&#8221; link=&#8221;url:https%3A%2F%2Fphpreaction.com%2Fen%2Fhome%2Fpricing%2F|&#8221;][\/vc_column][vc_column width=&#8221;1\/3&#8243; el_class=&#8221;mobile-no-display&#8221;][vc_column_text]<\/p>\n<p style=\"text-align: center;\"><span style=\"font-family: 'trebuchet ms', geneva, sans-serif; font-size: 18pt;\"><i class=\"wp-svg-contract-2 contract-2\"style=\"color:#00afef;\"><\/i><\/span><\/p>\n<p>[\/vc_column_text][vc_single_image image=&#8221;20879&#8243; img_size=&#8221;medium&#8221; style=&#8221;vc_box_border&#8221; border_color=&#8221;sky&#8221;][\/vc_column][\/vc_row][vc_row mo_row_type=&#8221;in_container&#8221; mo_padding=&#8221;none&#8221;][vc_column]<script type=\"text\/javascript\">\njQuery(document).ready(function($) {jQuery('.testimonials2-slider-container .flexslider').flexslider({animation: \"slide\",slideshowSpeed: 5000,animationSpeed: 600,namespace: \"flex-\",pauseOnAction:false,pauseOnHover: true,controlNav: true,directionNav: false,prevText: \"Previous<span><\/span>\",nextText: \"Next<span><\/span>\",smoothHeight: false,animationLoop: true,slideshow: true,easing: \"swing\",})});\n<\/script>\n<div  class=\"testimonials2-slider-container\"><div class=\"flexslider\">\n            <ul class=\"slides\">\n\n                \n                    \n                        <li>\n                                                            <div class=\"fourcol\">\n                                    <div class=\"center\">\n                                        <img loading=\"lazy\" decoding=\"async\" width=\"530\" height=\"530\" src=\"https:\/\/phpreaction.com\/wp-content\/uploads\/2015\/05\/JE_Temoignage.jpg\" class=\"alignleft img-circle wp-post-image\" alt=\"Karine Cotnoir\" \/>                                    <\/div>\n                                <\/div>\n                            \n                            <div class=\"quote eightcol last\">\n                                <blockquote>\n                                    <cite><i class=\"icon-testimonial\"><\/i>Karine Cotnoir, Jeunes Entreprises de la Haute-Yamaska                                    <\/cite>\n\n                                    <div class=\"text\">\n                                        <p>It's necessary to have a good organizational structure when growing. PHPReaction provided us with the shoes we needed to learn how to run!<\/p>\n                                    <\/div>\n                                <\/blockquote>\n                            <\/div>\n                        <\/li>\n\n                    \n                \n                    \n                        <li>\n                                                            <div class=\"fourcol\">\n                                    <div class=\"center\">\n                                        <img loading=\"lazy\" decoding=\"async\" width=\"359\" height=\"342\" src=\"https:\/\/phpreaction.com\/wp-content\/uploads\/2015\/04\/Sam_AA.jpg\" class=\"alignleft img-circle wp-post-image\" alt=\"Samuel Gagnon-Tremblay\" \/>                                    <\/div>\n                                <\/div>\n                            \n                            <div class=\"quote eightcol last\">\n                                <blockquote>\n                                    <cite><i class=\"icon-testimonial\"><\/i>Samuel Gagnon-Tremblay, Les Artisans d'Azure                                    <\/cite>\n\n                                    <div class=\"text\">\n                                        <p>My business could not have grown so quickly without the tools provided by PHPReaction.<\/p>\n                                    <\/div>\n                                <\/blockquote>\n                            <\/div>\n                        <\/li>\n\n                    \n                \n                    \n                        <li>\n                                                            <div class=\"fourcol\">\n                                    <div class=\"center\">\n                                        <img loading=\"lazy\" decoding=\"async\" width=\"196\" height=\"196\" src=\"https:\/\/phpreaction.com\/wp-content\/uploads\/2025\/10\/alexandre-picard.jpg\" class=\"alignleft img-circle wp-post-image\" alt=\"Alexandre Picard\" \/>                                    <\/div>\n                                <\/div>\n                            \n                            <div class=\"quote eightcol last\">\n                                <blockquote>\n                                    <cite><i class=\"icon-testimonial\"><\/i>Alexandre Picard, Picard Marine                                    <\/cite>\n\n                                    <div class=\"text\">\n                                        <p>My employees love it, they find it easy to use, intuitive, and the system promotes a professional image of our company.<\/p>\n                                    <\/div>\n                                <\/blockquote>\n                            <\/div>\n                        <\/li>\n\n                    \n                \n                    \n                        <li>\n                                                            <div class=\"fourcol\">\n                                    <div class=\"center\">\n                                        <img loading=\"lazy\" decoding=\"async\" width=\"2472\" height=\"2472\" src=\"https:\/\/phpreaction.com\/wp-content\/uploads\/2015\/04\/JLM_Temoignage.jpg\" class=\"alignleft img-circle wp-post-image\" alt=\"Mich\u00e8le Girard et Jean-Louis Choini\u00e8re\" \/>                                    <\/div>\n                                <\/div>\n                            \n                            <div class=\"quote eightcol last\">\n                                <blockquote>\n                                    <cite><i class=\"icon-testimonial\"><\/i>Mich\u00e8le Girard et Jean-Louis Choini\u00e8re, Les surgel\u00e9s JLM                                    <\/cite>\n\n                                    <div class=\"text\">\n                                        <p>They always respect the schedules that we agree on together.<\/p>\n                                    <\/div>\n                                <\/blockquote>\n                            <\/div>\n                        <\/li>\n\n                    \n                \n            <\/ul>\n\n            <\/div><!-- flexslider --><\/div><!-- testimonials2-slider-container -->[\/vc_column][\/vc_row][vc_row mo_row_type=&#8221;in_container&#8221; mo_bg_image=&#8221;2735&#8243;][vc_column][vc_empty_space height=&#8221;60px&#8221;][vc_column_text]<\/p>\n<h2 style=\"text-align: center;\"><span style=\"font-family: 'trebuchet ms', geneva, sans-serif; font-size: 24pt;\">ARE YOU READY FOR THE NEXT LEVEL IN JOB APPLICANT\u00a0MANAGEMENT?<\/span><\/h2>\n<h2 style=\"text-align: center;\"><span style=\"font-family: 'trebuchet ms', geneva, sans-serif; font-size: 24pt;\"><a href=\"https:\/\/phpreaction.com\/en\/contactez-nous\/?lang=en\">CONTACT US FOR A PRESENTATION<\/a><\/span><\/h2>\n<p>[\/vc_column_text][\/vc_column][\/vc_row][vc_row mo_row_type=&#8221;in_container&#8221; mo_text_scheme=&#8221;darker-overlay&#8221; mo_bg_color=&#8221;#1da9de&#8221;][vc_column css=&#8221;.vc_custom_1430181534626{background-color: #1da9de !important;}&#8221;][vc_column_text]<\/p>\n<h2 style=\"text-align: center;\"><span style=\"font-family: 'trebuchet ms', geneva, sans-serif; font-size: 18pt;\">RESSOURCES HUMAINES DIRIG\u00c9ES\u2026 PLUS QU\u2019UN SIMPLE LOGICIEL DE GESTION DU PERSONNEL!<\/span><\/h2>\n<p>[\/vc_column_text][\/vc_column][\/vc_row][vc_row mo_row_type=&#8221;in_container&#8221;][vc_column css=&#8221;.vc_custom_1430180674574{margin-bottom: 10% !important;}&#8221;][vc_column_text css=&#8221;.vc_custom_1643316968074{padding-bottom: 5% !important;}&#8221;]<\/p>\n<h2 style=\"text-align: center;\"><span style=\"font-size: 24pt;\"><strong><span style=\"font-family: 'trebuchet ms', geneva, sans-serif;\">PHPReaction can grow with your business because it\u2019s modular.\u00a0 Our HR modules shares affinities with the following other modules :<\/span><\/strong><\/span><\/h2>\n<p>[\/vc_column_text][\/vc_column][vc_column width=&#8221;1\/2&#8243;][vc_custom_heading text=&#8221;Organized follow-ups?&#8221; font_container=&#8221;tag:h2|text_align:center|color:%2300afef&#8221; use_theme_fonts=&#8221;yes&#8221;][vc_empty_space height=&#8221;20px&#8221;][vc_single_image image=&#8221;3859&#8243; img_size=&#8221;full&#8221; alignment=&#8221;center&#8221; onclick=&#8221;custom_link&#8221; link=&#8221;\/logiciel-de-relation-client-developpement-des-affaires-cible\/&#8221;][vc_empty_space height=&#8221;20px&#8221;][vc_column_text]<\/p>\n<p style=\"text-align: center;\"><span style=\"font-family: 'trebuchet ms', geneva, sans-serif; font-size: 18pt;\">By combining <a href=\"https:\/\/phpreaction.com\/en\/softwares\/client-relations-management-your-new-secret-weapon\/\">Targeted Business Development<\/a> and Directed Human Resources software, plan follow-up calls, emails and meetings with your candidates.<\/span><\/p>\n<p>[\/vc_column_text][\/vc_column][vc_column width=&#8221;1\/2&#8243;][vc_custom_heading text=&#8221;PAYROLL IN A FLASH&#8221; font_container=&#8221;tag:h2|text_align:center|color:%2300afef&#8221; use_theme_fonts=&#8221;yes&#8221;][vc_empty_space height=&#8221;20px&#8221;][vc_single_image image=&#8221;8698&#8243; img_size=&#8221;full&#8221; alignment=&#8221;center&#8221; onclick=&#8221;custom_link&#8221; link=&#8221;\/logiciels\/logiciel-de-paye-payes-simplifiees\/&#8221;][vc_empty_space height=&#8221;20px&#8221;][vc_column_text]<\/p>\n<p style=\"text-align: center;\"><span style=\"font-family: 'trebuchet ms', geneva, sans-serif; font-size: 18pt;\">Thanks to PHPreaction\u2019s\u00a0<a href=\"https:\/\/phpreaction.com\/en\/softwares\/simple-payroll-one-click-and-youre-done\/\">Payroll module<\/a>, you can convert a potential star into a team member and generate paychecks in a few clicks!<\/span><\/p>\n<p>[\/vc_column_text][\/vc_column][vc_column][vc_column_text css=&#8221;.vc_custom_1642611319553{margin-top: 5% !important;}&#8221;]<\/p>\n<p style=\"text-align: center;\"><span style=\"font-family: 'trebuchet ms', geneva, sans-serif; font-size: 18pt;\"><strong>Human Ressources can also be purchased as part of the complete PHPReaction suite.\u00a0 Centralize information to stay in the driver\u2019s seat.<\/strong><\/span><\/p>\n<p>[\/vc_column_text][\/vc_column][\/vc_row]<\/p>\n","protected":false},"excerpt":{"rendered":"<p>[vc_row mo_row_type=&#8221;in_container&#8221; mo_text_scheme=&#8221;darker-overlay&#8221; mo_bg_color=&#8221;#ffffff&#8221; mo_bg_image=&#8221;20859&#8243;][vc_column width=&#8221;1\/2&#8243; offset=&#8221;vc_hidden-xs&#8221;][vc_custom_heading text=&#8221;HR Management software&#8221; font_container=&#8221;tag:h2|font_size:52|text_align:left&#8221; use_theme_fonts=&#8221;yes&#8221;][vc_separator color=&#8221;white&#8221;][vc_column_text] Facilitate the creation and management of your work team with a tool that allows you to manage the entire hiring process, candidate management and employee schedules easily and quickly Facilitates recruitment Makes a history of applications. [\/vc_column_text][vc_btn title=&#8221; Get the free trial&#8221; [&hellip;]<\/p>\n","protected":false},"author":1,"featured_media":20889,"parent":4475,"menu_order":0,"comment_status":"closed","ping_status":"closed","template":"template-full-width.php","meta":{"footnotes":""},"class_list":["post-3393","page","type-page","status-publish","has-post-thumbnail","hentry"],"_links":{"self":[{"href":"https:\/\/phpreaction.com\/en\/wp-json\/wp\/v2\/pages\/3393","targetHints":{"allow":["GET"]}}],"collection":[{"href":"https:\/\/phpreaction.com\/en\/wp-json\/wp\/v2\/pages"}],"about":[{"href":"https:\/\/phpreaction.com\/en\/wp-json\/wp\/v2\/types\/page"}],"author":[{"embeddable":true,"href":"https:\/\/phpreaction.com\/en\/wp-json\/wp\/v2\/users\/1"}],"replies":[{"embeddable":true,"href":"https:\/\/phpreaction.com\/en\/wp-json\/wp\/v2\/comments?post=3393"}],"version-history":[{"count":0,"href":"https:\/\/phpreaction.com\/en\/wp-json\/wp\/v2\/pages\/3393\/revisions"}],"up":[{"embeddable":true,"href":"https:\/\/phpreaction.com\/en\/wp-json\/wp\/v2\/pages\/4475"}],"wp:featuredmedia":[{"embeddable":true,"href":"https:\/\/phpreaction.com\/en\/wp-json\/wp\/v2\/media\/20889"}],"wp:attachment":[{"href":"https:\/\/phpreaction.com\/en\/wp-json\/wp\/v2\/media?parent=3393"}],"curies":[{"name":"wp","href":"https:\/\/api.w.org\/{rel}","templated":true}]}}