{"id":3877,"date":"2015-11-27T11:39:36","date_gmt":"2015-11-27T16:39:36","guid":{"rendered":"https:\/\/phpreaction.com\/logiciel-de-gestion-des-horaires-horaires-avises\/?lang=en"},"modified":"2022-01-26T23:35:18","modified_gmt":"2022-01-27T04:35:18","slug":"schedule-management-software","status":"publish","type":"page","link":"https:\/\/phpreaction.com\/en\/softwares\/schedule-management-software\/","title":{"rendered":"Scheduling software"},"content":{"rendered":"<p>[vc_row mo_row_type=&#8221;in_container&#8221; mo_text_scheme=&#8221;darker-overlay&#8221; mo_bg_color=&#8221;#ffffff&#8221; mo_bg_image=&#8221;20859&#8243;][vc_column width=&#8221;1\/2&#8243; offset=&#8221;vc_hidden-xs&#8221;][vc_custom_heading text=&#8221; schedule management software&#8221; font_container=&#8221;tag:h2|font_size:52|text_align:left&#8221; use_theme_fonts=&#8221;yes&#8221;][vc_separator color=&#8221;white&#8221;][vc_column_text]<\/p>\n<h2><span style=\"font-family: 'trebuchet ms', geneva, sans-serif;\">IS SCHEDULING YOUR TEAM MEMBERS EVER A SOURCE OF STRUGGLE OR CONFLICT?<\/span><\/h2>\n<p>[\/vc_column_text][vc_btn title=&#8221;Get free trial&#8221; style=&#8221;custom&#8221; custom_background=&#8221;#4f4f4f&#8221; custom_text=&#8221;#00afef&#8221; size=&#8221;lg&#8221; link=&#8221;url:https%3A%2F%2Fphpreaction.com%2Fen%2Fperform%2F|&#8221;][\/vc_column][vc_column width=&#8221;1\/2&#8243; offset=&#8221;vc_hidden-xs&#8221;][vc_empty_space height=&#8221;120px&#8221;][vc_video link=&#8221;https:\/\/youtu.be\/s7sM08ACW9g&#8221; align=&#8221;center&#8221;][\/vc_column][\/vc_row][vc_row mo_row_type=&#8221;in_container&#8221;][vc_column][vc_column_text css=&#8221;.vc_custom_1642603960781{padding-bottom: 5% !important;}&#8221;]<\/p>\n<h3 style=\"text-align: center;\"><span style=\"font-family: 'trebuchet ms', geneva, sans-serif; font-size: 18pt;\">DOES IT RING A BELL?<\/span><\/h3>\n<p>[\/vc_column_text][\/vc_column][vc_column width=&#8221;1\/3&#8243;][vc_empty_space][vc_column_text css=&#8221;.vc_custom_1642603974310{padding-bottom: 3% !important;}&#8221;]<\/p>\n<p style=\"text-align: center;\"><i class=\"wp-svg-alarm-2 alarm-2\"style=\"color:#00afef;\"><\/i><\/p>\n<p>[\/vc_column_text][vc_column_text css=&#8221;.vc_custom_1642603914600{padding-top: 3% !important;}&#8221;]<\/p>\n<p style=\"text-align: center;\"><span style=\"font-family: 'trebuchet ms', geneva, sans-serif; font-size: 18pt;\"><strong>\u2026employees arrive late because they forgot\/lost their work schedule?<\/strong><\/span><\/p>\n<p>[\/vc_column_text][\/vc_column][vc_column width=&#8221;1\/3&#8243;][vc_column_text css=&#8221;.vc_custom_1642604252085{padding-bottom: 3% !important;}&#8221;]<\/p>\n<p style=\"text-align: center;\"><i class=\"wp-svg-contract-2 contract-2\"style=\"color:#00afef;\"><\/i><\/p>\n<p>[\/vc_column_text][vc_column_text css=&#8221;.vc_custom_1642603928621{padding-top: 3% !important;}&#8221;]<span style=\"font-family: 'trebuchet ms', geneva, sans-serif; font-size: 18pt;\"><strong>\u2026planning your team\u2019s schedule becomes difficult because of their availability (or unavailability)?<\/strong><\/span>[\/vc_column_text][\/vc_column][vc_column width=&#8221;1\/3&#8243;][vc_empty_space][vc_column_text css=&#8221;.vc_custom_1642604280675{padding-bottom: 3% !important;}&#8221;]<\/p>\n<p style=\"text-align: center;\"><i class=\"wp-svg-copy-3 copy-3\"style=\"color:#00afef;\"><\/i><\/p>\n<p>[\/vc_column_text][vc_column_text css=&#8221;.vc_custom_1642603940402{padding-top: 3% !important;}&#8221;]<span style=\"font-family: 'trebuchet ms', geneva, sans-serif; font-size: 18pt;\"><strong>\u2026modifying the work schedule creates confusion because of the several copies or unaware employees?<\/strong><\/span>[\/vc_column_text][\/vc_column][\/vc_row][vc_row mo_row_type=&#8221;in_container&#8221;][vc_column][vc_btn title=&#8221; Consult the rates&#8221; style=&#8221;custom&#8221; custom_background=&#8221;#00afef&#8221; custom_text=&#8221;#ffffff&#8221; size=&#8221;lg&#8221; align=&#8221;center&#8221; link=&#8221;url:https%3A%2F%2Fphpreaction.com%2Fen%2Fhome%2Fpricing%2F|&#8221;][\/vc_column][\/vc_row][vc_row mo_row_type=&#8221;in_container&#8221; mo_text_scheme=&#8221;darker-overlay&#8221; mo_bg_color=&#8221;#1da9de&#8221;][vc_column][vc_column_text css=&#8221;.vc_custom_1642603880818{padding-bottom: 5% !important;}&#8221;]<\/p>\n<h2><span style=\"font-family: 'trebuchet ms', geneva, sans-serif;\">WITH TIMELY SCHEDULES, YOU WILL FEEL THE PEFORMANCE!<\/span><\/h2>\n<p>[\/vc_column_text][\/vc_column][\/vc_row][vc_row mo_row_type=&#8221;in_container&#8221; mo_padding=&#8221;custom&#8221; mo_padding_top=&#8221;Space&#8221; mo_padding_bottom=&#8221;Space&#8221;][vc_column width=&#8221;1\/3&#8243; el_class=&#8221;mobile-no-display&#8221;][vc_column_text]<\/p>\n<p style=\"text-align: center;\"><span style=\"font-family: 'trebuchet ms', geneva, sans-serif; font-size: 18pt;\"><i class=\"wp-svg-calendar calendar\"style=\"color:#00afef;\"><\/i><\/span><\/p>\n<p>[\/vc_column_text][vc_single_image image=&#8221;20882&#8243; img_size=&#8221;medium&#8221; style=&#8221;vc_box_border&#8221; border_color=&#8221;sky&#8221;][\/vc_column][vc_column width=&#8221;2\/3&#8243;][vc_custom_heading text=&#8221;YOUR TEAM CAN CHECK THEIR SCHEDULE ANYWHERE AND ANYTIME!&#8221; font_container=&#8221;tag:h2|text_align:left|color:%2300afef&#8221; use_theme_fonts=&#8221;yes&#8221;][vc_column_text css_animation=&#8221;left-to-right&#8221;]<span style=\"font-family: 'trebuchet ms', geneva, sans-serif; font-size: 18pt;\">PHPReaction is web based which allows your team to access it from work, from home or anywhere else (even on their mobile phone!) as long as they have an internet connection.<\/span><\/p>\n<p><span style=\"font-family: 'trebuchet ms', geneva, sans-serif; font-size: 18pt;\">It\u2019s imppossible to forget your schedule with Timely Schedule.<\/span>[\/vc_column_text][vc_btn title=&#8221; Consult the rates&#8221; style=&#8221;custom&#8221; custom_background=&#8221;#00afef&#8221; custom_text=&#8221;#ffffff&#8221; size=&#8221;lg&#8221; link=&#8221;url:https%3A%2F%2Fphpreaction.com%2Fen%2Fhome%2Fpricing%2F|&#8221;][\/vc_column][\/vc_row][vc_row mo_row_type=&#8221;in_container&#8221; mo_padding=&#8221;none&#8221;][vc_column][vc_separator color=&#8221;custom&#8221; accent_color=&#8221;#00afef&#8221;][\/vc_column][\/vc_row][vc_row mo_row_type=&#8221;in_container&#8221; mo_padding=&#8221;custom&#8221; mo_padding_top=&#8221;0&#8243; mo_padding_bottom=&#8221;Space&#8221;][vc_column width=&#8221;2\/3&#8243;][vc_custom_heading text=&#8221;EVERYONE CAN ENTER AVAILABILITY (OR NON-AVAILABILITY) EASILY&#8221; font_container=&#8221;tag:h2|text_align:left|color:%2300afef&#8221; use_theme_fonts=&#8221;yes&#8221;][vc_column_text css_animation=&#8221;left-to-right&#8221;]<span style=\"font-family: 'trebuchet ms', geneva, sans-serif; font-size: 18pt;\">In the \u201cYour availability\u201d tab, each employee can identify when he is available to work and when he is not.<\/span><\/p>\n<p><span style=\"font-family: 'trebuchet ms', geneva, sans-serif; font-size: 18pt;\">This information is readily available in the schedule planning tool which makes it easy to build your team\u2019s schedule accordingly.<\/span>[\/vc_column_text][vc_btn title=&#8221; Consult the rates&#8221; style=&#8221;custom&#8221; custom_background=&#8221;#00afef&#8221; custom_text=&#8221;#ffffff&#8221; size=&#8221;lg&#8221; link=&#8221;url:https%3A%2F%2Fphpreaction.com%2Fen%2Fhome%2Fpricing%2F|&#8221;][\/vc_column][vc_column width=&#8221;1\/3&#8243; offset=&#8221;vc_col-xs-2&#8243; el_class=&#8221;mobile-no-display&#8221;][vc_column_text]<\/p>\n<p style=\"text-align: center;\"><span style=\"font-size: 18pt; font-family: 'trebuchet ms', geneva, sans-serif;\"><i class=\"wp-svg-mobile mobile\"style=\"color:#00afef;\"><\/i><\/span><\/p>\n<p>[\/vc_column_text][vc_single_image image=&#8221;20876&#8243; img_size=&#8221;medium&#8221; style=&#8221;vc_box_border&#8221; border_color=&#8221;sky&#8221;][\/vc_column][\/vc_row][vc_row mo_row_type=&#8221;in_container&#8221; mo_padding=&#8221;none&#8221;][vc_column][vc_separator color=&#8221;custom&#8221; accent_color=&#8221;#00afef&#8221;][\/vc_column][\/vc_row][vc_row mo_row_type=&#8221;in_container&#8221; mo_padding=&#8221;custom&#8221; mo_padding_top=&#8221;0&#8243; mo_padding_bottom=&#8221;Space&#8221;][vc_column width=&#8221;1\/3&#8243; el_class=&#8221;mobile-no-display&#8221;][vc_column_text]<\/p>\n<p style=\"text-align: center;\"><span style=\"font-family: 'trebuchet ms', geneva, sans-serif; font-size: 18pt;\"><i class=\"wp-svg-users users\"style=\"color:#00afef;\"><\/i><\/span><\/p>\n<p>[\/vc_column_text][vc_single_image image=&#8221;20972&#8243; img_size=&#8221;medium&#8221; style=&#8221;vc_box_border&#8221; border_color=&#8221;sky&#8221;][\/vc_column][vc_column width=&#8221;2\/3&#8243;][vc_custom_heading text=&#8221; EASILY MANAGE SCHEDULES BY DEPARTEMENT&#8221; font_container=&#8221;tag:h2|text_align:left|color:%2300afef&#8221; use_theme_fonts=&#8221;yes&#8221;][vc_column_text css_animation=&#8221;left-to-right&#8221; el_class=&#8221;animation-delay: 5s;&#8221;]<span style=\"font-family: 'trebuchet ms', geneva, sans-serif; font-size: 18pt;\">A cool feature is being able to sort employees by department so you can plan strategic schedule for each one of them!<\/span><\/p>\n<p><span style=\"font-family: 'trebuchet ms', geneva, sans-serif; font-size: 18pt;\">It\u2019s also a great way to enable team leaders to manage their teams effectively.<\/span>[\/vc_column_text][vc_btn title=&#8221; Consult the rates&#8221; style=&#8221;custom&#8221; custom_background=&#8221;#00afef&#8221; custom_text=&#8221;#ffffff&#8221; size=&#8221;lg&#8221; link=&#8221;url:https%3A%2F%2Fphpreaction.com%2Fen%2Fhome%2Fpricing%2F|&#8221;][\/vc_column][\/vc_row][vc_row mo_row_type=&#8221;in_container&#8221; mo_padding=&#8221;none&#8221;][vc_column]<script type=\"text\/javascript\">\njQuery(document).ready(function($) {jQuery('.testimonials2-slider-container .flexslider').flexslider({animation: \"slide\",slideshowSpeed: 5000,animationSpeed: 600,namespace: \"flex-\",pauseOnAction:false,pauseOnHover: true,controlNav: true,directionNav: false,prevText: \"Previous<span><\/span>\",nextText: \"Next<span><\/span>\",smoothHeight: false,animationLoop: true,slideshow: true,easing: \"swing\",})});\n<\/script>\n<div  class=\"testimonials2-slider-container\"><div class=\"flexslider\">\n            <ul class=\"slides\">\n\n                \n                    \n                        <li>\n                                                            <div class=\"fourcol\">\n                                    <div class=\"center\">\n                                        <img loading=\"lazy\" decoding=\"async\" width=\"530\" height=\"530\" src=\"https:\/\/phpreaction.com\/wp-content\/uploads\/2015\/05\/JE_Temoignage.jpg\" class=\"alignleft img-circle wp-post-image\" alt=\"Karine Cotnoir\" \/>                                    <\/div>\n                                <\/div>\n                            \n                            <div class=\"quote eightcol last\">\n                                <blockquote>\n                                    <cite><i class=\"icon-testimonial\"><\/i>Karine Cotnoir, Jeunes Entreprises de la Haute-Yamaska                                    <\/cite>\n\n                                    <div class=\"text\">\n                                        <p>It's necessary to have a good organizational structure when growing. PHPReaction provided us with the shoes we needed to learn how to run!<\/p>\n                                    <\/div>\n                                <\/blockquote>\n                            <\/div>\n                        <\/li>\n\n                    \n                \n                    \n                        <li>\n                                                            <div class=\"fourcol\">\n                                    <div class=\"center\">\n                                        <img loading=\"lazy\" decoding=\"async\" width=\"359\" height=\"342\" src=\"https:\/\/phpreaction.com\/wp-content\/uploads\/2015\/04\/Sam_AA.jpg\" class=\"alignleft img-circle wp-post-image\" alt=\"Samuel Gagnon-Tremblay\" \/>                                    <\/div>\n                                <\/div>\n                            \n                            <div class=\"quote eightcol last\">\n                                <blockquote>\n                                    <cite><i class=\"icon-testimonial\"><\/i>Samuel Gagnon-Tremblay, Les Artisans d'Azure                                    <\/cite>\n\n                                    <div class=\"text\">\n                                        <p>My business could not have grown so quickly without the tools provided by PHPReaction.<\/p>\n                                    <\/div>\n                                <\/blockquote>\n                            <\/div>\n                        <\/li>\n\n                    \n                \n                    \n                        <li>\n                                                            <div class=\"fourcol\">\n                                    <div class=\"center\">\n                                        <img loading=\"lazy\" decoding=\"async\" width=\"196\" height=\"196\" src=\"https:\/\/phpreaction.com\/wp-content\/uploads\/2025\/10\/alexandre-picard.jpg\" class=\"alignleft img-circle wp-post-image\" alt=\"Alexandre Picard\" \/>                                    <\/div>\n                                <\/div>\n                            \n                            <div class=\"quote eightcol last\">\n                                <blockquote>\n                                    <cite><i class=\"icon-testimonial\"><\/i>Alexandre Picard, Picard Marine                                    <\/cite>\n\n                                    <div class=\"text\">\n                                        <p>My employees love it, they find it easy to use, intuitive, and the system promotes a professional image of our company.<\/p>\n                                    <\/div>\n                                <\/blockquote>\n                            <\/div>\n                        <\/li>\n\n                    \n                \n                    \n                        <li>\n                                                            <div class=\"fourcol\">\n                                    <div class=\"center\">\n                                        <img loading=\"lazy\" decoding=\"async\" width=\"2472\" height=\"2472\" src=\"https:\/\/phpreaction.com\/wp-content\/uploads\/2015\/04\/JLM_Temoignage.jpg\" class=\"alignleft img-circle wp-post-image\" alt=\"Mich\u00e8le Girard et Jean-Louis Choini\u00e8re\" \/>                                    <\/div>\n                                <\/div>\n                            \n                            <div class=\"quote eightcol last\">\n                                <blockquote>\n                                    <cite><i class=\"icon-testimonial\"><\/i>Mich\u00e8le Girard et Jean-Louis Choini\u00e8re, Les surgel\u00e9s JLM                                    <\/cite>\n\n                                    <div class=\"text\">\n                                        <p>They always respect the schedules that we agree on together.<\/p>\n                                    <\/div>\n                                <\/blockquote>\n                            <\/div>\n                        <\/li>\n\n                    \n                \n            <\/ul>\n\n            <\/div><!-- flexslider --><\/div><!-- testimonials2-slider-container -->[\/vc_column][\/vc_row][vc_row mo_row_type=&#8221;in_container&#8221; mo_bg_image=&#8221;2735&#8243;][vc_column][vc_column_text]<\/p>\n<h2 style=\"text-align: center;\"><span style=\"font-family: 'trebuchet ms', geneva, sans-serif;\">READY TO MANAGE YOUR SCHEDULE IN AN ORDERLY MANNER?<\/span><\/h2>\n<h2 style=\"text-align: center;\"><span style=\"font-family: 'trebuchet ms', geneva, sans-serif;\"><a href=\"https:\/\/phpreaction.com\/en\/perform\/\">CONTACT US FOR A PRESENTATION<\/a><\/span><\/h2>\n<p>[\/vc_column_text][\/vc_column][\/vc_row][vc_row mo_row_type=&#8221;in_container&#8221; mo_text_scheme=&#8221;darker-overlay&#8221; mo_bg_color=&#8221;#1da9de&#8221;][vc_column css=&#8221;.vc_custom_1430181534626{background-color: #1da9de !important;}&#8221;][vc_column_text]<\/p>\n<h2 style=\"text-align: center;\"><span style=\"font-family: 'trebuchet ms', geneva, sans-serif;\">TIMELY SCHEDULE\u2026 MORE THAN A SIMPLE SCHEDULE MANAGEMENT SOFTWARE!<\/span><\/h2>\n<p>[\/vc_column_text][\/vc_column][\/vc_row][vc_row mo_row_type=&#8221;in_container&#8221;][vc_column css=&#8221;.vc_custom_1430180674574{margin-bottom: 10% !important;}&#8221;][vc_custom_heading text=&#8221;PHPReaction can grow with your business because it\u2019s modular. This module shares affinities with the following :&#8221; font_container=&#8221;tag:h2|text_align:center&#8221; use_theme_fonts=&#8221;yes&#8221;][\/vc_column][vc_column width=&#8221;1\/2&#8243;][vc_custom_heading text=&#8221;WOULD YOU LIKE YOUR TEAM TO PUNCH IN AND OUT OF WORK OR ON SPECIFIC TASKS?&#8221; font_container=&#8221;tag:h3|text_align:center|color:%2300afef&#8221; use_theme_fonts=&#8221;yes&#8221;][vc_empty_space height=&#8221;20px&#8221;][vc_single_image image=&#8221;8739&#8243; img_size=&#8221;full&#8221; alignment=&#8221;center&#8221; onclick=&#8221;custom_link&#8221; link=&#8221;\/logiciels\/logiciel-de-gestion-de-projets-gestion-de-projet-efficace\/&#8221;][vc_empty_space height=&#8221;20px&#8221;][vc_column_text]<\/p>\n<p style=\"text-align: justify;\"><span style=\"font-family: 'trebuchet ms', geneva, sans-serif; font-size: 18pt;\">Since Timely Schedule\u00a0is compatible with our\u00a0<a href=\"https:\/\/phpreaction.com\/en\/softwares\/project-management-track-time-to-stay-on-top\/\">Project Management software<\/a>,\u00a0you can compare your schedule with the actual time they have been working.<\/span><\/p>\n<p>[\/vc_column_text][\/vc_column][vc_column width=&#8221;1\/2&#8243;][vc_custom_heading text=&#8221;YOUR TEAM MEMBERS HAVE SCHEDULED APPOINTEMENTS WITH CLIENTS OR SUPPLIERS?&#8221; font_container=&#8221;tag:h3|text_align:center|color:%2300afef&#8221; use_theme_fonts=&#8221;yes&#8221;][vc_empty_space height=&#8221;55px&#8221;][vc_single_image image=&#8221;8757&#8243; img_size=&#8221;full&#8221; alignment=&#8221;center&#8221; onclick=&#8221;custom_link&#8221; link=&#8221;\/logiciels\/logiciel-de-reservation-des-ressources-reservations-optimisees\/&#8221;][vc_empty_space height=&#8221;20px&#8221;][vc_column_text]<\/p>\n<p style=\"text-align: justify;\"><span style=\"font-family: 'trebuchet ms', geneva, sans-serif; font-size: 18pt;\">With its compatibility with the\u00a0<a href=\"https:\/\/phpreaction.com\/en\/softwares\/resource-allocation-simplify-to-maximize\/\">Reservation Management software<\/a>,\u00a0you will be be able to check your staff\u2019s availability before scheduling them for an appointement.<\/span><\/p>\n<p>[\/vc_column_text][\/vc_column][vc_column][vc_column_text css=&#8221;.vc_custom_1642603173083{margin-top: 5% !important;}&#8221;]<\/p>\n<p style=\"text-align: center;\"><span style=\"font-family: 'trebuchet ms', geneva, sans-serif; font-size: 18pt;\"><strong>Timely Schedule can also be purchased as a part of <a href=\"https:\/\/phpreaction.com\/en\/#software\">the complete PHPReaction suite<\/a>, so you can centralize information and processes into a coherent, unified whole.<\/strong><\/span><\/p>\n<p>[\/vc_column_text][\/vc_column][\/vc_row]<\/p>\n","protected":false},"excerpt":{"rendered":"<p>[vc_row mo_row_type=&#8221;in_container&#8221; mo_text_scheme=&#8221;darker-overlay&#8221; mo_bg_color=&#8221;#ffffff&#8221; mo_bg_image=&#8221;20859&#8243;][vc_column width=&#8221;1\/2&#8243; offset=&#8221;vc_hidden-xs&#8221;][vc_custom_heading text=&#8221; schedule management software&#8221; font_container=&#8221;tag:h2|font_size:52|text_align:left&#8221; use_theme_fonts=&#8221;yes&#8221;][vc_separator color=&#8221;white&#8221;][vc_column_text] IS SCHEDULING YOUR TEAM MEMBERS EVER A SOURCE OF STRUGGLE OR CONFLICT? [\/vc_column_text][vc_btn title=&#8221;Get free trial&#8221; style=&#8221;custom&#8221; custom_background=&#8221;#4f4f4f&#8221; custom_text=&#8221;#00afef&#8221; size=&#8221;lg&#8221; link=&#8221;url:https%3A%2F%2Fphpreaction.com%2Fen%2Fperform%2F|&#8221;][\/vc_column][vc_column width=&#8221;1\/2&#8243; offset=&#8221;vc_hidden-xs&#8221;][vc_empty_space height=&#8221;120px&#8221;][vc_video link=&#8221;https:\/\/youtu.be\/s7sM08ACW9g&#8221; align=&#8221;center&#8221;][\/vc_column][\/vc_row][vc_row mo_row_type=&#8221;in_container&#8221;][vc_column][vc_column_text css=&#8221;.vc_custom_1642603960781{padding-bottom: 5% !important;}&#8221;] DOES IT RING A BELL? [\/vc_column_text][\/vc_column][vc_column width=&#8221;1\/3&#8243;][vc_empty_space][vc_column_text css=&#8221;.vc_custom_1642603974310{padding-bottom: 3% !important;}&#8221;] [\/vc_column_text][vc_column_text [&hellip;]<\/p>\n","protected":false},"author":1,"featured_media":3860,"parent":4475,"menu_order":0,"comment_status":"closed","ping_status":"closed","template":"template-full-width.php","meta":{"footnotes":""},"class_list":["post-3877","page","type-page","status-publish","has-post-thumbnail","hentry"],"_links":{"self":[{"href":"https:\/\/phpreaction.com\/en\/wp-json\/wp\/v2\/pages\/3877","targetHints":{"allow":["GET"]}}],"collection":[{"href":"https:\/\/phpreaction.com\/en\/wp-json\/wp\/v2\/pages"}],"about":[{"href":"https:\/\/phpreaction.com\/en\/wp-json\/wp\/v2\/types\/page"}],"author":[{"embeddable":true,"href":"https:\/\/phpreaction.com\/en\/wp-json\/wp\/v2\/users\/1"}],"replies":[{"embeddable":true,"href":"https:\/\/phpreaction.com\/en\/wp-json\/wp\/v2\/comments?post=3877"}],"version-history":[{"count":0,"href":"https:\/\/phpreaction.com\/en\/wp-json\/wp\/v2\/pages\/3877\/revisions"}],"up":[{"embeddable":true,"href":"https:\/\/phpreaction.com\/en\/wp-json\/wp\/v2\/pages\/4475"}],"wp:featuredmedia":[{"embeddable":true,"href":"https:\/\/phpreaction.com\/en\/wp-json\/wp\/v2\/media\/3860"}],"wp:attachment":[{"href":"https:\/\/phpreaction.com\/en\/wp-json\/wp\/v2\/media?parent=3877"}],"curies":[{"name":"wp","href":"https:\/\/api.w.org\/{rel}","templated":true}]}}